{"id":3474,"date":"2021-06-16T08:21:10","date_gmt":"2021-06-16T08:21:10","guid":{"rendered":"http:\/\/www.enerlandgroup.com\/www\/?page_id=3474"},"modified":"2021-08-10T14:20:56","modified_gmt":"2021-08-10T12:20:56","slug":"politica-de-cookies","status":"publish","type":"page","link":"https:\/\/www.enerlandgroup.com\/es\/politica-de-cookies\/","title":{"rendered":"Pol\u00edtica de cookies"},"content":{"rendered":"<p><strong class=\"txt-1-5\">enerlandgroup.es<\/strong> utiliza cookies, que son peque\u00f1os ficheros que se descargan en tu ordenador al acceder a determinadas p\u00e1ginas web. Las cookies permiten a una p\u00e1gina web, entre otras cosas, almacenar y recuperar informaci\u00f3n sobre los h\u00e1bitos de navegaci\u00f3n de un usuario o de su equipo y, dependiendo de la informaci\u00f3n que contengan y de la forma en que utilice su equipo, pueden utilizarse para reconocer al usuario. Los datos que se generan en el ordenador del usuario nos permiten obtener la siguiente informaci\u00f3n:<\/p>\n<p>&nbsp;<\/p>\n<h4><strong>Cookies de Terceros<\/strong><\/h4>\n<p>La Web utiliza GOOGLE ANALYTICS, un servicio de anal\u00edtica de Google, Inc. (\u201cGoogle\u201d). Google Analytics utiliza cookies, archivos de texto ubicados en tu ordenador, con el objetivo de llevar a cabo una anal\u00edtica Web acerca del modo de uso de los usuarios de la Web. La informaci\u00f3n generada por la cookie acerca de tu uso de la Web (incluyendo tu direcci\u00f3n IP), ser\u00e1 transmitida y almacenada por Google en los servidores de internet de Estados Unidos. Google no asociar\u00e1 su direcci\u00f3n IP con ning\u00fan otro dato del que disponga Google. Puede Usted rechazar el tratamiento de los datos o la informaci\u00f3n echazando el uso de cookies mediante la selecci\u00f3n de la configuraci\u00f3n apropiada de su navegador, sin embargo, debe Usted saber que si lo hace puede ser que no pueda usar la plena funcionalidad de este website. Para m\u00e1s informaci\u00f3n sobre Google Analytics pulse aqu\u00ed:\u00a0<a href=\"http:\/\/www.google.es\/intl\/es\/analytics\/privacyoverview.html\" target=\"_blank\" rel=\"noopener\">http:\/\/www.google.es\/intl\/es\/analytics\/privacyoverview.html<\/a><\/p>\n<p>Adem\u00e1s, usted puede impedir el registro de los datos facilitados por la cookie a Google referentes al uso del sitio web (incluida su direcci\u00f3n IP), as\u00ed como el procesamiento de estos datos por parte de Google descargando e instal\u00e1ndose en su ordenador el plug-in de navegador disponible a trav\u00e9s del siguiente enlace:\u00a0<a href=\"https:\/\/tools.google.com\/dlpage\/gaoptout?hl=es\" target=\"_blank\" rel=\"noopener\">https:\/\/tools.google.com\/dlpage\/gaoptout?hl=es<\/a><\/p>\n<p>&nbsp;<\/p>\n<h4><strong>Bloqueo o deshabilitado de Cookies<\/strong><\/h4>\n<p>Puedes permitir, bloquear o eliminar las cookies instaladas en tu equipo mediante la configuraci\u00f3n de las opciones del navegador instalado en tu ordenador.<\/p>\n<p>&nbsp;<\/p>\n<p>Informaci\u00f3n sobre Firefox:\u00a0<a href=\"https:\/\/support.mozilla.org\/es\/kb\/cookies-informacion-que-los-sitios-web-guardan-en-\" target=\"_blank\" rel=\"noopener\">https:\/\/support.mozilla.org\/es\/kb\/cookies-informacion-que-los-sitios-web-guardan-en-<br \/>\n<\/a>Informaci\u00f3n sobre Chrome:\u00a0<a href=\"http:\/\/support.google.com\/chrome\/bin\/answer.py?hl=es&amp;answer=95647\" target=\"_blank\" rel=\"noopener\">http:\/\/support.google.com\/chrome\/bin\/answer.py?hl=es&amp;answer=95647<br \/>\n<\/a>Informaci\u00f3n sobre Explorer:\u00a0<a href=\"http:\/\/windows.microsoft.com\/es-es\/windows7\/how-to-manage-cookies-in-internet-explorer-9\" target=\"_blank\" rel=\"noopener\">http:\/\/windows.microsoft.com\/es-es\/windows7\/how-to-manage-cookies-in-internet-explorer-9<br \/>\n<\/a>Informaci\u00f3n sobre Safari:\u00a0<a href=\"http:\/\/support.apple.com\/kb\/ph5042\" target=\"_blank\" rel=\"noopener\">http:\/\/support.apple.com\/kb\/ph5042<br \/>\n<\/a>Informaci\u00f3n sobre Opera:\u00a0<a href=\"http:\/\/help.opera.com\/Windows\/11.50\/es-ES\/cookies.html\" target=\"_blank\" rel=\"noopener\">http:\/\/help.opera.com\/Windows\/11.50\/es-ES\/cookies.html<\/a><\/p>\n<p>&nbsp;<\/p>\n<h4><strong>Qu\u00e9 ocurre si se deshabilitan las Cookies:<\/strong><\/h4>\n<p>Algunas funcionalidades de los Servicios quedar\u00e1n deshabilitados como, por ejemplo, permanecer\u00a0 identificado en la zona de clientes.<\/p>\n<p>&nbsp;<\/p>\n<table width=\"100%\">\n<tbody>\n<tr>\n<td colspan=\"4\" bgcolor=\"#fff\">\n<h4><strong>COOKIES PROPIAS<\/strong><\/h4>\n<\/td>\n<\/tr>\n<tr>\n<td bgcolor=\"#fff\"><strong>NOMBRE DE LA COOKIE<\/strong><\/td>\n<td bgcolor=\"#fff\"><strong>CADUCIDAD<\/strong><\/td>\n<td bgcolor=\"#fff\"><strong>FINALIDAD Y TIPO DE INFORMACI\u00d3N QUE RECOGE<\/strong><\/td>\n<td bgcolor=\"#fff\"><strong>FUNCIONALIDAD AFECTADA EN CASO DE DESACTIVACI\u00d3N<\/strong><\/td>\n<\/tr>\n<tr>\n<td bgcolor=\"#fff\">PHPSESSID<\/td>\n<td bgcolor=\"#fff\">Session<\/td>\n<td bgcolor=\"#fff\"><strong>Almacena las preferencias deseadas de los usuarios.<br \/>\n<\/strong>&#8211; Utilizada para saber si el usuari acepta cookies o no.<br \/>\n&#8211; Guarda opciones de idioma de los usuarios. Almacena los valores de sesi\u00f3n seleccionados por el usuario<\/td>\n<td bgcolor=\"#fff\">&#8211; Siempre aparece el mensaje para aceptar las cookies.<br \/>\n&#8211; Siempre se mostrar\u00e1 en espa\u00f1ol.<\/td>\n<\/tr>\n<\/tbody>\n<\/table>\n<p>&nbsp;<\/p>\n<table>\n<tbody>\n<tr>\n<td colspan=\"5\">\n<h4><strong>COOKIES DE TERCEROS (cookies estad\u00edsticas de Google Analytics, Google, Youtube, etc)<\/strong><\/h4>\n<\/td>\n<\/tr>\n<tr>\n<td><strong>NOMBRE DE LA COOKIE<\/strong><\/td>\n<td><strong>CADUCIDAD<\/strong><\/td>\n<td><strong>FINALIDAD Y TIPO DE INFORMACI\u00d3N QUE RECOGE<\/strong><\/td>\n<td><strong>ENTIDAD RESPONSABLE<\/strong><\/td>\n<td><strong>FUNCIONALIDAD AFECTADA EN CASO DE DESACTIVACI\u00d3N<\/strong><\/td>\n<\/tr>\n<tr>\n<td>__utma<\/td>\n<td>2 a\u00f1os<\/td>\n<td>Medici\u00f3n interna con Google Analytics<\/td>\n<td>Google analytics<\/td>\n<td rowspan=\"5\">Se deja de tener informaci\u00f3n en google analytics sobre el comportamiento de los usuarios en la web.<\/td>\n<\/tr>\n<tr>\n<td>__utmb<\/td>\n<td>30 min<\/td>\n<td>Medici\u00f3n interna con Google Analytics<\/td>\n<td>Google analytics<\/td>\n<\/tr>\n<tr>\n<td>__utmc<\/td>\n<td>Session<\/td>\n<td>Medici\u00f3n interna con Google Analytics<\/td>\n<td>Google analytics<\/td>\n<\/tr>\n<tr>\n<td>__utmt<\/td>\n<td>10 minutos<\/td>\n<td>Se usa para limitar el porcentaje de solicitudes<\/td>\n<td>Google analytics<\/td>\n<\/tr>\n<tr>\n<td>__utmz<\/td>\n<td>6 meses<\/td>\n<td>Medici\u00f3n interna con Google Analytics<\/td>\n<td>Google analytics<\/td>\n<\/tr>\n<\/tbody>\n<\/table>\n<p align=\"center\"><a href=\"http:\/\/politicadecookies.com\/situacion.php\" target=\"_blank\" rel=\"noopener\">http:\/\/politicadecookies.com\/situacion.php<\/a><\/p>\n","protected":false},"excerpt":{"rendered":"<p>enerlandgroup.es utiliza cookies, que son peque\u00f1os ficheros que se descargan en tu ordenador al<\/p>\n","protected":false},"author":11,"featured_media":0,"parent":0,"menu_order":0,"comment_status":"closed","ping_status":"closed","template":"","meta":{"_et_pb_use_builder":"","_et_pb_old_content":"","_et_gb_content_width":"","footnotes":""},"class_list":["post-3474","page","type-page","status-publish","hentry"],"yoast_head":"<!-- This site is optimized with the Yoast SEO plugin v27.2 - https:\/\/yoast.com\/product\/yoast-seo-wordpress\/ -->\n<title>Pol\u00edtica de cookies - Enerland Energ\u00eda Renovable<\/title>\n<meta name=\"description\" content=\"En Enerland utilizamos cookies que permiten almacenar y recuperar informaci\u00f3n sobre los h\u00e1bitos de navegaci\u00f3n del usuario o de su equipo.\" \/>\n<meta name=\"robots\" content=\"index, follow, max-snippet:-1, max-image-preview:large, max-video-preview:-1\" \/>\n<link rel=\"canonical\" href=\"https:\/\/www.enerlandgroup.com\/es\/politica-de-cookies\/\" \/>\n<meta property=\"og:locale\" content=\"es_ES\" \/>\n<meta property=\"og:type\" content=\"article\" \/>\n<meta property=\"og:title\" content=\"Pol\u00edtica de cookies - Enerland Energ\u00eda Renovable\" \/>\n<meta property=\"og:description\" content=\"En Enerland utilizamos cookies que permiten almacenar y recuperar informaci\u00f3n sobre los h\u00e1bitos de navegaci\u00f3n del usuario o de su equipo.\" \/>\n<meta property=\"og:url\" content=\"https:\/\/www.enerlandgroup.com\/es\/politica-de-cookies\/\" \/>\n<meta property=\"og:site_name\" content=\"Enerland Energ\u00eda Renovable\" \/>\n<meta property=\"article:modified_time\" content=\"2021-08-10T12:20:56+00:00\" \/>\n<meta property=\"og:image\" content=\"https:\/\/www.enerlandgroup.com\/wp-content\/uploads\/2021\/06\/footer-logo.png\" \/>\n\t<meta property=\"og:image:width\" content=\"159\" \/>\n\t<meta property=\"og:image:height\" content=\"37\" \/>\n\t<meta property=\"og:image:type\" content=\"image\/png\" \/>\n<meta name=\"twitter:card\" content=\"summary_large_image\" \/>\n<script type=\"application\/ld+json\" class=\"yoast-schema-graph\">{\"@context\":\"https:\/\/schema.org\",\"@graph\":[{\"@type\":\"WebPage\",\"@id\":\"https:\/\/www.enerlandgroup.com\/es\/politica-de-cookies\/\",\"url\":\"https:\/\/www.enerlandgroup.com\/es\/politica-de-cookies\/\",\"name\":\"Pol\u00edtica de cookies - Enerland Energ\u00eda Renovable\",\"isPartOf\":{\"@id\":\"https:\/\/www.enerlandgroup.com\/es\/#website\"},\"datePublished\":\"2021-06-16T08:21:10+00:00\",\"dateModified\":\"2021-08-10T12:20:56+00:00\",\"description\":\"En Enerland utilizamos cookies que permiten almacenar y recuperar informaci\u00f3n sobre los h\u00e1bitos de navegaci\u00f3n del usuario o de su equipo.\",\"breadcrumb\":{\"@id\":\"https:\/\/www.enerlandgroup.com\/es\/politica-de-cookies\/#breadcrumb\"},\"inLanguage\":\"es\",\"potentialAction\":[{\"@type\":\"ReadAction\",\"target\":[\"https:\/\/www.enerlandgroup.com\/es\/politica-de-cookies\/\"]}]},{\"@type\":\"BreadcrumbList\",\"@id\":\"https:\/\/www.enerlandgroup.com\/es\/politica-de-cookies\/#breadcrumb\",\"itemListElement\":[{\"@type\":\"ListItem\",\"position\":1,\"name\":\"Inicio\",\"item\":\"https:\/\/www.enerlandgroup.com\/es\/\"},{\"@type\":\"ListItem\",\"position\":2,\"name\":\"Pol\u00edtica de cookies\"}]},{\"@type\":\"WebSite\",\"@id\":\"https:\/\/www.enerlandgroup.com\/es\/#website\",\"url\":\"https:\/\/www.enerlandgroup.com\/es\/\",\"name\":\"Enerland Energ\u00eda Renovable\",\"description\":\"\",\"publisher\":{\"@id\":\"https:\/\/www.enerlandgroup.com\/es\/#organization\"},\"potentialAction\":[{\"@type\":\"SearchAction\",\"target\":{\"@type\":\"EntryPoint\",\"urlTemplate\":\"https:\/\/www.enerlandgroup.com\/es\/?s={search_term_string}\"},\"query-input\":{\"@type\":\"PropertyValueSpecification\",\"valueRequired\":true,\"valueName\":\"search_term_string\"}}],\"inLanguage\":\"es\"},{\"@type\":\"Organization\",\"@id\":\"https:\/\/www.enerlandgroup.com\/es\/#organization\",\"name\":\"Enerland Group\",\"url\":\"https:\/\/www.enerlandgroup.com\/es\/\",\"logo\":{\"@type\":\"ImageObject\",\"inLanguage\":\"es\",\"@id\":\"https:\/\/www.enerlandgroup.com\/es\/#\/schema\/logo\/image\/\",\"url\":\"https:\/\/www.enerlandgroup.com\/wp-content\/uploads\/2021\/05\/Logo_Enerland.png\",\"contentUrl\":\"https:\/\/www.enerlandgroup.com\/wp-content\/uploads\/2021\/05\/Logo_Enerland.png\",\"width\":184,\"height\":43,\"caption\":\"Enerland Group\"},\"image\":{\"@id\":\"https:\/\/www.enerlandgroup.com\/es\/#\/schema\/logo\/image\/\"},\"sameAs\":[\"https:\/\/www.linkedin.com\/company\/enerland-group\/\",\"https:\/\/www.youtube.com\/channel\/UCjdInbThgaPa2_D34vRChmA\"]}]}<\/script>\n<!-- \/ Yoast SEO plugin. -->","yoast_head_json":{"title":"Pol\u00edtica de cookies - Enerland Energ\u00eda Renovable","description":"En Enerland utilizamos cookies que permiten almacenar y recuperar informaci\u00f3n sobre los h\u00e1bitos de navegaci\u00f3n del usuario o de su equipo.","robots":{"index":"index","follow":"follow","max-snippet":"max-snippet:-1","max-image-preview":"max-image-preview:large","max-video-preview":"max-video-preview:-1"},"canonical":"https:\/\/www.enerlandgroup.com\/es\/politica-de-cookies\/","og_locale":"es_ES","og_type":"article","og_title":"Pol\u00edtica de cookies - Enerland Energ\u00eda Renovable","og_description":"En Enerland utilizamos cookies que permiten almacenar y recuperar informaci\u00f3n sobre los h\u00e1bitos de navegaci\u00f3n del usuario o de su equipo.","og_url":"https:\/\/www.enerlandgroup.com\/es\/politica-de-cookies\/","og_site_name":"Enerland Energ\u00eda Renovable","article_modified_time":"2021-08-10T12:20:56+00:00","og_image":[{"width":159,"height":37,"url":"https:\/\/www.enerlandgroup.com\/wp-content\/uploads\/2021\/06\/footer-logo.png","type":"image\/png"}],"twitter_card":"summary_large_image","schema":{"@context":"https:\/\/schema.org","@graph":[{"@type":"WebPage","@id":"https:\/\/www.enerlandgroup.com\/es\/politica-de-cookies\/","url":"https:\/\/www.enerlandgroup.com\/es\/politica-de-cookies\/","name":"Pol\u00edtica de cookies - Enerland Energ\u00eda Renovable","isPartOf":{"@id":"https:\/\/www.enerlandgroup.com\/es\/#website"},"datePublished":"2021-06-16T08:21:10+00:00","dateModified":"2021-08-10T12:20:56+00:00","description":"En Enerland utilizamos cookies que permiten almacenar y recuperar informaci\u00f3n sobre los h\u00e1bitos de navegaci\u00f3n del usuario o de su equipo.","breadcrumb":{"@id":"https:\/\/www.enerlandgroup.com\/es\/politica-de-cookies\/#breadcrumb"},"inLanguage":"es","potentialAction":[{"@type":"ReadAction","target":["https:\/\/www.enerlandgroup.com\/es\/politica-de-cookies\/"]}]},{"@type":"BreadcrumbList","@id":"https:\/\/www.enerlandgroup.com\/es\/politica-de-cookies\/#breadcrumb","itemListElement":[{"@type":"ListItem","position":1,"name":"Inicio","item":"https:\/\/www.enerlandgroup.com\/es\/"},{"@type":"ListItem","position":2,"name":"Pol\u00edtica de cookies"}]},{"@type":"WebSite","@id":"https:\/\/www.enerlandgroup.com\/es\/#website","url":"https:\/\/www.enerlandgroup.com\/es\/","name":"Enerland Energ\u00eda Renovable","description":"","publisher":{"@id":"https:\/\/www.enerlandgroup.com\/es\/#organization"},"potentialAction":[{"@type":"SearchAction","target":{"@type":"EntryPoint","urlTemplate":"https:\/\/www.enerlandgroup.com\/es\/?s={search_term_string}"},"query-input":{"@type":"PropertyValueSpecification","valueRequired":true,"valueName":"search_term_string"}}],"inLanguage":"es"},{"@type":"Organization","@id":"https:\/\/www.enerlandgroup.com\/es\/#organization","name":"Enerland Group","url":"https:\/\/www.enerlandgroup.com\/es\/","logo":{"@type":"ImageObject","inLanguage":"es","@id":"https:\/\/www.enerlandgroup.com\/es\/#\/schema\/logo\/image\/","url":"https:\/\/www.enerlandgroup.com\/wp-content\/uploads\/2021\/05\/Logo_Enerland.png","contentUrl":"https:\/\/www.enerlandgroup.com\/wp-content\/uploads\/2021\/05\/Logo_Enerland.png","width":184,"height":43,"caption":"Enerland Group"},"image":{"@id":"https:\/\/www.enerlandgroup.com\/es\/#\/schema\/logo\/image\/"},"sameAs":["https:\/\/www.linkedin.com\/company\/enerland-group\/","https:\/\/www.youtube.com\/channel\/UCjdInbThgaPa2_D34vRChmA"]}]}},"_links":{"self":[{"href":"https:\/\/www.enerlandgroup.com\/es\/wp-json\/wp\/v2\/pages\/3474","targetHints":{"allow":["GET"]}}],"collection":[{"href":"https:\/\/www.enerlandgroup.com\/es\/wp-json\/wp\/v2\/pages"}],"about":[{"href":"https:\/\/www.enerlandgroup.com\/es\/wp-json\/wp\/v2\/types\/page"}],"author":[{"embeddable":true,"href":"https:\/\/www.enerlandgroup.com\/es\/wp-json\/wp\/v2\/users\/11"}],"replies":[{"embeddable":true,"href":"https:\/\/www.enerlandgroup.com\/es\/wp-json\/wp\/v2\/comments?post=3474"}],"version-history":[{"count":10,"href":"https:\/\/www.enerlandgroup.com\/es\/wp-json\/wp\/v2\/pages\/3474\/revisions"}],"predecessor-version":[{"id":5834,"href":"https:\/\/www.enerlandgroup.com\/es\/wp-json\/wp\/v2\/pages\/3474\/revisions\/5834"}],"wp:attachment":[{"href":"https:\/\/www.enerlandgroup.com\/es\/wp-json\/wp\/v2\/media?parent=3474"}],"curies":[{"name":"wp","href":"https:\/\/api.w.org\/{rel}","templated":true}]}}