{"id":3472,"date":"2021-06-16T08:20:56","date_gmt":"2021-06-16T08:20:56","guid":{"rendered":"http:\/\/www.enerlandgroup.com\/www\/?page_id=3472"},"modified":"2021-08-10T14:25:20","modified_gmt":"2021-08-10T12:25:20","slug":"politica-de-privacidad","status":"publish","type":"page","link":"https:\/\/www.enerlandgroup.com\/es\/politica-de-privacidad\/","title":{"rendered":"Pol\u00edtica de privacidad"},"content":{"rendered":"<h4><strong>Informaci\u00f3n b\u00e1sica sobre Protecci\u00f3n de Datos<\/strong><\/h4>\n<p><strong>Responsable<\/strong>\u00a0\u00a0\u00a0\u00a0\u00a0 ENERLAND 2007 FOTOVOLTAICA, S.L., (en adelante, \u201cENERLAND\u201d)<\/p>\n<p><strong>Contacto protecci\u00f3n de datos<\/strong>\u00a0\u00a0 <a href=\"mailto:info@enerlandgroup.com\">info@enerlandgroup.com<\/a><\/p>\n<p><strong>Sitio Web<\/strong>\u00a0 \u00a0 \u00a0 \u00a0 \u00a0 <a href=\"https:\/\/www.enerlandgroup.com\/\">https:\/\/www.enerlandgroup.com\/<\/a><\/p>\n<p><strong>Finalidad<\/strong>\u00a0\u00a0\u00a0\u00a0\u00a0\u00a0\u00a0\u00a0\u00a0\u00a0\u00a0\u00a0 Gestionar, administrar, prestar, ampliar y mejorar los servicios a los que el USUARIO hubiese decidido suscribirse. Adecuar dichos servicios para mejorar su calidad de cara al USUARIO. Realizar estudios estad\u00edsticos que permitan dise\u00f1ar mejoras en los servicios prestados. Enviar informaci\u00f3n requerida por el USUARIO. Enviar informaci\u00f3n sobre los productos o servicios similares a los suscritos originalmente o que pudieran ser de su inter\u00e9s, por medio electr\u00f3nico. Enviar informaci\u00f3n comercial sobre nuestros productos y servicios conforme a los art\u00edculos 21 y 22 de la Ley 34\/2002, de servicios de la sociedad de la informaci\u00f3n y de comercio electr\u00f3nico.<\/p>\n<p><strong>Legitimaci\u00f3n<\/strong>\u00a0\u00a0\u00a0\u00a0\u00a0 Consentimiento del interesado.<\/p>\n<p><strong>Destinatarios<\/strong>\u00a0\u00a0\u00a0\u00a0 Compartiremos sus datos personales con prestadores de servicios que nos ayudan o dan soporte, o con aquellos con quienes tengamos una obligaci\u00f3n legal.<\/p>\n<p><strong>Derechos del usuario<\/strong>\u00a0\u00a0\u00a0\u00a0 Tiene derecho a acceder, rectificar, suprimir, oponerte, solicitar la limitaci\u00f3n portabilidad o a no ser objeto de decisiones individuales automatizadas de tus datos personales, como te explicamos en detalle m\u00e1s abajo. Frente a cualquier vulneraci\u00f3n de sus derechos, especialmente cuando no haya obtenido satisfacci\u00f3n en su ejercicio, un interesado puede presentar una reclamaci\u00f3n ante la Agencia Espa\u00f1ola de Protecci\u00f3n de Datos (datos de contacto accesibles en www.agpd.es).<\/p>\n<p><strong>Informaci\u00f3n adicional<\/strong>\u00a0\u00a0 Pol\u00edtica de cookies<\/p>\n<p><a>https:\/\/www.enerlandgroup.com\/politica-de-cookies\/<\/a><\/p>\n<p>Esta pol\u00edtica de privacidad (en adelante la \u201cPol\u00edtica\u201d) proporciona una descripci\u00f3n general de nuestras pr\u00e1cticas relativas al uso de informaci\u00f3n de car\u00e1cter personal que se recoge en el Sitio Web o que se trata en el marco de los servicios prestados en el Sitio Web (en adelante, los \u201cServicios\u201d).<\/p>\n<p>Tenga en cuenta que la Pol\u00edtica es de aplicaci\u00f3n con independencia del dispositivo que utilice para acceder al Sitio Web o utilizar los Servicios, ya sea un tel\u00e9fono m\u00f3vil, una tableta, un ordenador u otro dispositivo.<\/p>\n<p>Es importante que lea la Pol\u00edtica con detenimiento porque cada vez que acceda al Sitio Web y utilice nuestros Servicios, estar\u00e1 aceptando las pr\u00e1cticas que describimos en la misma. Si no acepta las pr\u00e1cticas descritas en la Pol\u00edtica, no debe acceder al Sitio Web ni utilizar los Servicios.<\/p>\n<p>Tambi\u00e9n es importante que consulte con frecuencia la Pol\u00edtica por si se ha actualizado. Al acceder al Sitio Web o utilizar nuestros Servicios despu\u00e9s de que hayamos actualizado la Pol\u00edtica, usted estar\u00e1 aceptando la nueva versi\u00f3n de la misma. La versi\u00f3n m\u00e1s actualizada de la Pol\u00edtica siempre estar\u00e1 disponible aqu\u00ed. Puede comprobar la \u201cfecha de entrada en vigor\u201d publicada en la parte superior para comprobar cu\u00e1ndo se actualiz\u00f3 por \u00faltima vez.<\/p>\n<p>Este Sitio Web no est\u00e1 destinado a menores de 18 a\u00f1os de manera que no solicitamos ni recabamos de manera intencionada datos relativos a menores de edad.<\/p>\n<p>&nbsp;<\/p>\n<h4><strong>\u00a0<\/strong><strong>\u00bfQui\u00e9n es el Responsable del tratamiento de tus datos?<\/strong><\/h4>\n<p>Identidad: ENERLAND 2007 FOTOVOLTAICA, S.L. (CIF B-99187379).<\/p>\n<p>Direcci\u00f3n postal: C\/Bilbilis 18 nave A04, 50197, Zaragoza (Espa\u00f1a)<\/p>\n<p>Tel\u00e9fono: 976068387<\/p>\n<p>Correo electr\u00f3nico: <a href=\"mailto:info@enerlandgroup.com\">info@enerlandgroup.com<\/a><\/p>\n<p>Inscrita en el Registro Mercantil de Zaragoza: al Tomo 3587, Libro 0, Folio 178 y Hoja Z-45584.<\/p>\n<p>&nbsp;<\/p>\n<h4><strong>\u00bfQu\u00e9 tipo de datos personales recabamos y c\u00f3mo los hemos obtenido?<\/strong><\/h4>\n<p>Las categor\u00edas de datos personales que recogemos de los usuarios del Sitio Web:<\/p>\n<p>Nombre<\/p>\n<p>Direcci\u00f3n de correo electr\u00f3nico<\/p>\n<p>Tel\u00e9fono<\/p>\n<p>Todos los datos arriba mencionados los hemos obtenido directamente del usuario al completar el formulario de solicitud de informaci\u00f3n en el Sitio Web.<\/p>\n<p>El Sitio Web utiliza cookies que recogen y utilizan informaci\u00f3n de conformidad con lo establecido en la Pol\u00edtica de Cookies.<\/p>\n<p>&nbsp;<\/p>\n<h4><strong>\u00bfCon qu\u00e9 finalidad tratamos tus datos personales?<\/strong><\/h4>\n<p>Los datos podr\u00e1n ser tratados exclusivamente con la finalidad de responder sus consultas, sugerencias, reclamaciones o solicitudes de informaci\u00f3n.<\/p>\n<p>&nbsp;<\/p>\n<h4><strong>\u00bfDurante cu\u00e1nto tiempo trataremos tus datos?<\/strong><\/h4>\n<p>Los datos que nos facilite se conservar\u00e1n durante el periodo de tiempo necesario para cumplir con su solicitud y, posteriormente, los datos personales \u00fanicamente se mantendr\u00e1n en los t\u00e9rminos previstos para cumplir con las obligaciones aplicables.<\/p>\n<p>&nbsp;<\/p>\n<h4><strong>\u00bfCu\u00e1l es la legitimaci\u00f3n para el tratamiento de tus datos?<\/strong><\/h4>\n<p>La base legal para el tratamiento de los datos de car\u00e1cter personal es el consentimiento del usuario, otorgado mediante el env\u00edo de la solicitud de informaci\u00f3n. Dicho consentimiento puede revocarse en cualquier momento.<\/p>\n<p>&nbsp;<\/p>\n<h4><strong>\u00bfA qu\u00e9 destinatarios se comunicar\u00e1n tus datos?<\/strong><\/h4>\n<p>Podemos compartir la informaci\u00f3n proporcionada o generada en nuestro Sitio Web con proveedores de servicios que prestan servicios en nuestro nombre o cuenta. Dichos terceros han sido cuidadosamente seleccionados y hemos suscrito con \u00e9stos los correspondientes contratos de encargado del tratamiento para garantizar que los datos se tratan de conformidad con lo dispuesto en la normativa sobre protecci\u00f3n de datos y en la presente Pol\u00edtica.<\/p>\n<p>Igualmente, podemos facilitar los datos personales cuando exista una obligaci\u00f3n legal que nos lo exija.<\/p>\n<p>&nbsp;<\/p>\n<h4>Google reCAPTCHA<\/h4>\n<p>En nuestro Sitio Web utilizamos \u201cGoogle reCAPTCHA\u201d (en adelante \u201creCAPTCHA\u201d). El proveedor es Google Ireland Limited, Gordon House, Barrow Street, Dublin 4, Irlanda (\u201cGoogle\u201d).<\/p>\n<p>El prop\u00f3sito de reCAPTCHA es comprobar si la entrada de datos en nuestro Sitio Web (por ejemplo, en un formulario de contacto) es realizada por una persona o por un programa automatizado. Para este prop\u00f3sito, reCAPTCHA analiza el comportamiento del visitante del Sitio Web en funci\u00f3n de varias caracter\u00edsticas. Este an\u00e1lisis se inicia autom\u00e1ticamente en cuanto el visitante entra en el Sitio Web. Para el an\u00e1lisis, reCAPTCHA eval\u00faa informaci\u00f3n diversa (por ejemplo, la direcci\u00f3n IP, la duraci\u00f3n de la estancia del visitante en el Sitio Web o los movimientos del rat\u00f3n realizados por el usuario). Los datos recogidos durante el an\u00e1lisis se env\u00edan a Google.<\/p>\n<p>Los an\u00e1lisis reCAPTCHA se ejecutan completamente en segundo plano. No se informa a los visitantes del Sitio Web de que se est\u00e1 llevando a cabo un an\u00e1lisis.<\/p>\n<p>El tratamiento de datos se realiza exclusivamente sobre la base de nuestro inter\u00e9s leg\u00edtimo de proteger el Sitio Web y garantizar su seguridad.<\/p>\n<p>Encontrar\u00e1 m\u00e1s informaci\u00f3n sobre el servicio reCAPTCHA de Google y la pol\u00edtica de privacidad de Google en los siguientes enlaces: <a href=\"https:\/\/policies.google.com\/privacy?hl=es y https:\/\/www.google.com\/recaptcha\/intro\/android.html\">https:\/\/policies.google.com\/privacy?hl=es y https:\/\/www.google.com\/recaptcha\/intro\/android.html<\/a>.<\/p>\n<p>El Sitio Web incluye plugins que permiten realizar determinadas acciones en redes sociales de terceros Estos plugins se indican mediante el logotipo de la red social correspondiente. Si el usuario acepta esos plugins, el contenido correspondiente se transferir\u00e1 a la red social pertinente. El usuario puede encontrar informaci\u00f3n acerca del funcionamiento de estos plugins y la forma en que tratan su informaci\u00f3n en las pol\u00edticas de protecci\u00f3n de datos personales de estas redes sociales. Si no desea que estas redes sociales recopilen sus datos, no deber\u00e1 aceptar el plugin y deber\u00e1 salirse de su cuenta antes de navegar por el Sitio Web.<\/p>\n<p>&nbsp;<\/p>\n<h4><strong>\u00bfCu\u00e1les son los derechos del usuario cuando nos facilita sus datos personales?<\/strong><\/h4>\n<p>Cualquier persona tiene derecho a obtener confirmaci\u00f3n sobre si estamos tratando datos personales que le conciernan, o no.<\/p>\n<p>En concreto, los interesados pueden solicitar el derecho de acceso a sus datos personales, as\u00ed como a recibirlos en un formato com\u00fan y lectura mecanizada si el tratamiento se efect\u00faa por medios electr\u00f3nicos (derecho de portabilidad).<\/p>\n<p>Asimismo, las personas interesadas pueden solicitar el derecho de rectificaci\u00f3n de los datos inexactos o, en su caso, solicitar su supresi\u00f3n cuando, entre otros motivos, los datos ya no sean necesarios para los fines para los que fueron recogidos.<\/p>\n<p>En las condiciones previstas en la normativa aplicable, los interesados podr\u00e1n solicitar la limitaci\u00f3n del tratamiento de sus datos.<\/p>\n<p>En determinadas circunstancias y por motivos relacionados con su situaci\u00f3n particular, los interesados podr\u00e1n ejercitar su derecho a oponerse al tratamiento de sus datos. Si han otorgado el consentimiento para alguna finalidad espec\u00edfica, pueden retirarlo en cualquier momento, sin que ello afecte a la licitud del tratamiento basado en el consentimiento previo a su retirada. En estos supuestos dejaremos de tratar los datos o, en su caso, dejaremos de hacerlo para esa finalidad en concreto, salvo por motivos leg\u00edtimos imperiosos, o el ejercicio o la defensa de posibles reclamaciones, o en aquellas excepciones establecidas en la normativa aplicable.<\/p>\n<p>Todos los derechos mencionados pueden ejercerse dirigiendo la correspondiente solicitud, en la que se debe adjuntar un medio de identificaci\u00f3n, a <a href=\"mailto:info@enerlandgroup.com\">info@enerlandgroup.com<\/a>.<\/p>\n<p>Frente a cualquier vulneraci\u00f3n de sus derechos, especialmente cuando no haya obtenido satisfacci\u00f3n en su ejercicio, un interesado puede presentar una reclamaci\u00f3n ante la Agencia Espa\u00f1ola de Protecci\u00f3n de Datos (datos de contacto accesibles en <a href=\"http:\/\/www.agpd.es\">www.agpd.es<\/a>).<\/p>\n","protected":false},"excerpt":{"rendered":"<p>Informaci\u00f3n b\u00e1sica sobre Protecci\u00f3n de Datos Responsable\u00a0\u00a0\u00a0\u00a0\u00a0 ENERLAND 2007 FOTOVOLTAICA, S.L., (en adelante, \u201cENERLAND\u201d)<\/p>\n","protected":false},"author":11,"featured_media":0,"parent":0,"menu_order":0,"comment_status":"closed","ping_status":"closed","template":"","meta":{"_et_pb_use_builder":"","_et_pb_old_content":"","_et_gb_content_width":"","footnotes":""},"class_list":["post-3472","page","type-page","status-publish","hentry"],"yoast_head":"<!-- This site is optimized with the Yoast SEO plugin v27.4 - https:\/\/yoast.com\/product\/yoast-seo-wordpress\/ -->\n<title>Pol\u00edtica de privacidad - Enerland Energ\u00eda Renovable<\/title>\n<meta name=\"description\" content=\"Informaci\u00f3n b\u00e1sica sobre nuestra Pol\u00edtica de Privacidad y Protecci\u00f3n de Datos, preguntas frecuentes y Google reCAPTCHA.\" \/>\n<meta name=\"robots\" content=\"index, follow, max-snippet:-1, max-image-preview:large, max-video-preview:-1\" \/>\n<link rel=\"canonical\" href=\"https:\/\/www.enerlandgroup.com\/es\/politica-de-privacidad\/\" \/>\n<meta property=\"og:locale\" content=\"es_ES\" \/>\n<meta property=\"og:type\" content=\"article\" \/>\n<meta property=\"og:title\" content=\"Pol\u00edtica de privacidad - Enerland Energ\u00eda Renovable\" \/>\n<meta property=\"og:description\" content=\"Informaci\u00f3n b\u00e1sica sobre nuestra Pol\u00edtica de Privacidad y Protecci\u00f3n de Datos, preguntas frecuentes y Google reCAPTCHA.\" \/>\n<meta property=\"og:url\" content=\"https:\/\/www.enerlandgroup.com\/es\/politica-de-privacidad\/\" \/>\n<meta property=\"og:site_name\" content=\"Enerland Energ\u00eda Renovable\" \/>\n<meta property=\"article:modified_time\" content=\"2021-08-10T12:25:20+00:00\" \/>\n<meta property=\"og:image\" content=\"https:\/\/www.enerlandgroup.com\/wp-content\/uploads\/2021\/06\/footer-logo.png\" \/>\n\t<meta property=\"og:image:width\" content=\"159\" \/>\n\t<meta property=\"og:image:height\" content=\"37\" \/>\n\t<meta property=\"og:image:type\" content=\"image\/png\" \/>\n<meta name=\"twitter:card\" content=\"summary_large_image\" \/>\n<script type=\"application\/ld+json\" class=\"yoast-schema-graph\">{\"@context\":\"https:\\\/\\\/schema.org\",\"@graph\":[{\"@type\":\"WebPage\",\"@id\":\"https:\\\/\\\/www.enerlandgroup.com\\\/es\\\/politica-de-privacidad\\\/\",\"url\":\"https:\\\/\\\/www.enerlandgroup.com\\\/es\\\/politica-de-privacidad\\\/\",\"name\":\"Pol\u00edtica de privacidad - Enerland Energ\u00eda Renovable\",\"isPartOf\":{\"@id\":\"https:\\\/\\\/www.enerlandgroup.com\\\/es\\\/#website\"},\"datePublished\":\"2021-06-16T08:20:56+00:00\",\"dateModified\":\"2021-08-10T12:25:20+00:00\",\"description\":\"Informaci\u00f3n b\u00e1sica sobre nuestra Pol\u00edtica de Privacidad y Protecci\u00f3n de Datos, preguntas frecuentes y Google reCAPTCHA.\",\"breadcrumb\":{\"@id\":\"https:\\\/\\\/www.enerlandgroup.com\\\/es\\\/politica-de-privacidad\\\/#breadcrumb\"},\"inLanguage\":\"es\",\"potentialAction\":[{\"@type\":\"ReadAction\",\"target\":[\"https:\\\/\\\/www.enerlandgroup.com\\\/es\\\/politica-de-privacidad\\\/\"]}]},{\"@type\":\"BreadcrumbList\",\"@id\":\"https:\\\/\\\/www.enerlandgroup.com\\\/es\\\/politica-de-privacidad\\\/#breadcrumb\",\"itemListElement\":[{\"@type\":\"ListItem\",\"position\":1,\"name\":\"Inicio\",\"item\":\"https:\\\/\\\/www.enerlandgroup.com\\\/es\\\/\"},{\"@type\":\"ListItem\",\"position\":2,\"name\":\"Pol\u00edtica de privacidad\"}]},{\"@type\":\"WebSite\",\"@id\":\"https:\\\/\\\/www.enerlandgroup.com\\\/es\\\/#website\",\"url\":\"https:\\\/\\\/www.enerlandgroup.com\\\/es\\\/\",\"name\":\"Enerland Energ\u00eda Renovable\",\"description\":\"\",\"publisher\":{\"@id\":\"https:\\\/\\\/www.enerlandgroup.com\\\/es\\\/#organization\"},\"potentialAction\":[{\"@type\":\"SearchAction\",\"target\":{\"@type\":\"EntryPoint\",\"urlTemplate\":\"https:\\\/\\\/www.enerlandgroup.com\\\/es\\\/?s={search_term_string}\"},\"query-input\":{\"@type\":\"PropertyValueSpecification\",\"valueRequired\":true,\"valueName\":\"search_term_string\"}}],\"inLanguage\":\"es\"},{\"@type\":\"Organization\",\"@id\":\"https:\\\/\\\/www.enerlandgroup.com\\\/es\\\/#organization\",\"name\":\"Enerland Group\",\"url\":\"https:\\\/\\\/www.enerlandgroup.com\\\/es\\\/\",\"logo\":{\"@type\":\"ImageObject\",\"inLanguage\":\"es\",\"@id\":\"https:\\\/\\\/www.enerlandgroup.com\\\/es\\\/#\\\/schema\\\/logo\\\/image\\\/\",\"url\":\"https:\\\/\\\/www.enerlandgroup.com\\\/wp-content\\\/uploads\\\/2021\\\/05\\\/Logo_Enerland.png\",\"contentUrl\":\"https:\\\/\\\/www.enerlandgroup.com\\\/wp-content\\\/uploads\\\/2021\\\/05\\\/Logo_Enerland.png\",\"width\":184,\"height\":43,\"caption\":\"Enerland Group\"},\"image\":{\"@id\":\"https:\\\/\\\/www.enerlandgroup.com\\\/es\\\/#\\\/schema\\\/logo\\\/image\\\/\"},\"sameAs\":[\"https:\\\/\\\/www.linkedin.com\\\/company\\\/enerland-group\\\/\",\"https:\\\/\\\/www.youtube.com\\\/channel\\\/UCjdInbThgaPa2_D34vRChmA\"]}]}<\/script>\n<!-- \/ Yoast SEO plugin. -->","yoast_head_json":{"title":"Pol\u00edtica de privacidad - Enerland Energ\u00eda Renovable","description":"Informaci\u00f3n b\u00e1sica sobre nuestra Pol\u00edtica de Privacidad y Protecci\u00f3n de Datos, preguntas frecuentes y Google reCAPTCHA.","robots":{"index":"index","follow":"follow","max-snippet":"max-snippet:-1","max-image-preview":"max-image-preview:large","max-video-preview":"max-video-preview:-1"},"canonical":"https:\/\/www.enerlandgroup.com\/es\/politica-de-privacidad\/","og_locale":"es_ES","og_type":"article","og_title":"Pol\u00edtica de privacidad - Enerland Energ\u00eda Renovable","og_description":"Informaci\u00f3n b\u00e1sica sobre nuestra Pol\u00edtica de Privacidad y Protecci\u00f3n de Datos, preguntas frecuentes y Google reCAPTCHA.","og_url":"https:\/\/www.enerlandgroup.com\/es\/politica-de-privacidad\/","og_site_name":"Enerland Energ\u00eda Renovable","article_modified_time":"2021-08-10T12:25:20+00:00","og_image":[{"width":159,"height":37,"url":"https:\/\/www.enerlandgroup.com\/wp-content\/uploads\/2021\/06\/footer-logo.png","type":"image\/png"}],"twitter_card":"summary_large_image","schema":{"@context":"https:\/\/schema.org","@graph":[{"@type":"WebPage","@id":"https:\/\/www.enerlandgroup.com\/es\/politica-de-privacidad\/","url":"https:\/\/www.enerlandgroup.com\/es\/politica-de-privacidad\/","name":"Pol\u00edtica de privacidad - Enerland Energ\u00eda Renovable","isPartOf":{"@id":"https:\/\/www.enerlandgroup.com\/es\/#website"},"datePublished":"2021-06-16T08:20:56+00:00","dateModified":"2021-08-10T12:25:20+00:00","description":"Informaci\u00f3n b\u00e1sica sobre nuestra Pol\u00edtica de Privacidad y Protecci\u00f3n de Datos, preguntas frecuentes y Google reCAPTCHA.","breadcrumb":{"@id":"https:\/\/www.enerlandgroup.com\/es\/politica-de-privacidad\/#breadcrumb"},"inLanguage":"es","potentialAction":[{"@type":"ReadAction","target":["https:\/\/www.enerlandgroup.com\/es\/politica-de-privacidad\/"]}]},{"@type":"BreadcrumbList","@id":"https:\/\/www.enerlandgroup.com\/es\/politica-de-privacidad\/#breadcrumb","itemListElement":[{"@type":"ListItem","position":1,"name":"Inicio","item":"https:\/\/www.enerlandgroup.com\/es\/"},{"@type":"ListItem","position":2,"name":"Pol\u00edtica de privacidad"}]},{"@type":"WebSite","@id":"https:\/\/www.enerlandgroup.com\/es\/#website","url":"https:\/\/www.enerlandgroup.com\/es\/","name":"Enerland Energ\u00eda Renovable","description":"","publisher":{"@id":"https:\/\/www.enerlandgroup.com\/es\/#organization"},"potentialAction":[{"@type":"SearchAction","target":{"@type":"EntryPoint","urlTemplate":"https:\/\/www.enerlandgroup.com\/es\/?s={search_term_string}"},"query-input":{"@type":"PropertyValueSpecification","valueRequired":true,"valueName":"search_term_string"}}],"inLanguage":"es"},{"@type":"Organization","@id":"https:\/\/www.enerlandgroup.com\/es\/#organization","name":"Enerland Group","url":"https:\/\/www.enerlandgroup.com\/es\/","logo":{"@type":"ImageObject","inLanguage":"es","@id":"https:\/\/www.enerlandgroup.com\/es\/#\/schema\/logo\/image\/","url":"https:\/\/www.enerlandgroup.com\/wp-content\/uploads\/2021\/05\/Logo_Enerland.png","contentUrl":"https:\/\/www.enerlandgroup.com\/wp-content\/uploads\/2021\/05\/Logo_Enerland.png","width":184,"height":43,"caption":"Enerland Group"},"image":{"@id":"https:\/\/www.enerlandgroup.com\/es\/#\/schema\/logo\/image\/"},"sameAs":["https:\/\/www.linkedin.com\/company\/enerland-group\/","https:\/\/www.youtube.com\/channel\/UCjdInbThgaPa2_D34vRChmA"]}]}},"_links":{"self":[{"href":"https:\/\/www.enerlandgroup.com\/es\/wp-json\/wp\/v2\/pages\/3472","targetHints":{"allow":["GET"]}}],"collection":[{"href":"https:\/\/www.enerlandgroup.com\/es\/wp-json\/wp\/v2\/pages"}],"about":[{"href":"https:\/\/www.enerlandgroup.com\/es\/wp-json\/wp\/v2\/types\/page"}],"author":[{"embeddable":true,"href":"https:\/\/www.enerlandgroup.com\/es\/wp-json\/wp\/v2\/users\/11"}],"replies":[{"embeddable":true,"href":"https:\/\/www.enerlandgroup.com\/es\/wp-json\/wp\/v2\/comments?post=3472"}],"version-history":[{"count":8,"href":"https:\/\/www.enerlandgroup.com\/es\/wp-json\/wp\/v2\/pages\/3472\/revisions"}],"predecessor-version":[{"id":5076,"href":"https:\/\/www.enerlandgroup.com\/es\/wp-json\/wp\/v2\/pages\/3472\/revisions\/5076"}],"wp:attachment":[{"href":"https:\/\/www.enerlandgroup.com\/es\/wp-json\/wp\/v2\/media?parent=3472"}],"curies":[{"name":"wp","href":"https:\/\/api.w.org\/{rel}","templated":true}]}}