{"id":3470,"date":"2021-06-16T08:20:24","date_gmt":"2021-06-16T08:20:24","guid":{"rendered":"http:\/\/www.enerlandgroup.com\/www\/?page_id=3470"},"modified":"2021-08-10T14:09:42","modified_gmt":"2021-08-10T12:09:42","slug":"aviso-legal","status":"publish","type":"page","link":"https:\/\/www.enerlandgroup.com\/es\/aviso-legal\/","title":{"rendered":"Aviso legal"},"content":{"rendered":"<h4><strong>Objeto.<\/strong><\/h4>\n<p>Este Aviso Legal regula la utilizaci\u00f3n por parte de los usuarios de las p\u00e1ginas web contenidas en el sitio de Internet www.enerlandgroup.es (en adelante, el \u201cWebsite\u201d), titularidad de ENERLAND 2007 FOTOVOLTAICA, S.L., con domicilio social en Calle Bilbilis 18 nave A04, Plataforma Log\u00edstica PLAZA, 50197, Zaragoza y con B-99187379, inscrita en el Registro Mercantil de Zaragoza, al Tomo 3587, Libro 0, Folio 178 y Hoja Z-45584 (en adelante \u201cENERLAND\u201d).<\/p>\n<p>La navegaci\u00f3n por el Website, le atribuye la condici\u00f3n de usuario y conlleva la aceptaci\u00f3n plena y sin reservas del presente Aviso Legal. Igualmente, el usuario acepta voluntariamente que el uso de los contenidos a los que ENERLAND facilita el acceso a trav\u00e9s de su Website y que han sido puestos a disposici\u00f3n de los usuarios por ENERLAND o por terceros, tiene lugar, en todo caso, bajo su \u00fanica y exclusiva responsabilidad.<\/p>\n<p>ENERLAND se reserva el derecho a modificar unilateralmente, en cualquier momento y sin previo aviso, la presentaci\u00f3n, configuraci\u00f3n o contenido del Website y del presente Aviso Legal, consider\u00e1ndose que dichas modificaciones han sido v\u00e1lidamente notificadas desde su publicaci\u00f3n en el Website. Por lo tanto, debe consultar el Website peri\u00f3dicamente para revisar estas condiciones, ya que al acceder y continuar utilizando el Website, se considerar\u00e1 que ha aceptado estar sujeto a las condiciones que aparezcan en el Website en el momento de su acceso.<\/p>\n<p>Asimismo, en lo que respecta a la recogida y uso de datos personales, resulta de aplicaci\u00f3n la Pol\u00edtica de Privacidad, que forma parte de este Aviso Legal.<\/p>\n<p>&nbsp;<\/p>\n<h4><strong>Obligaciones del usuario:<\/strong><\/h4>\n<p>El usuario se obliga a usar los contenidos de este Website de forma diligente, correcta, l\u00edcita y de conformidad a la Ley y al presente Aviso Legal. En particular, se compromete a no utilizar los contenidos con una finalidad contraria a la Ley, moral u orden p\u00fablico; a no reproducir o copiar, no distribuir, no permitir el acceso p\u00fablico, no transformar y no modificar ning\u00fan tipo de contenido del Website, salvo que cuente con autorizaci\u00f3n expresa y en cualquier tipo de soporte, ya sea f\u00edsico o l\u00f3gico, de ENERLAND o, en su caso, del leg\u00edtimo titular de los derechos sobre los contenidos antes mencionados.<\/p>\n<p>&nbsp;<\/p>\n<h4><strong>Exclusi\u00f3n de responsabilidad:<\/strong><\/h4>\n<p>ENERLAND no garantiza lo siguiente respecto del Website:<\/p>\n<ul>\n<li>Su disponibilidad y continuidad del funcionamiento;<\/li>\n<li>La utilidad del mismo o de sus contenidos para la realizaci\u00f3n de ninguna actividad espec\u00edfica o para una finalidad en particular;<\/li>\n<li>La fiabilidad y utilidad de sus contenidos;<\/li>\n<li>La veracidad, exactitud, exhaustividad y actualidad de sus contenidos.<\/li>\n<\/ul>\n<p>Como consecuencia de lo anterior, ENERLAND excluye cualquier tipo de responsabilidad por los da\u00f1os y perjuicios de toda naturaleza que puedan deberse a:<\/p>\n<p>la falta de disponibilidad o de continuidad del funcionamiento del Website;<\/p>\n<p>el incumplimiento de la utilidad que los usuarios hubieren podido atribuir al Website (en particular, ENERLAND no asumir\u00e1 ning\u00fan tipo de responsabilidad por los posibles fallos en el acceso a las distintas p\u00e1ginas del Website);<\/p>\n<p>la transmisi\u00f3n, difusi\u00f3n, almacenamiento, puesta disposici\u00f3n, recepci\u00f3n, obtenci\u00f3n, acceso o cualquier otra conducta an\u00e1loga o similar a los contenidos del Website; o<\/p>\n<p>la falta de veracidad, exactitud, exhaustividad y\/o actualidad de los contenidos del Website.<\/p>\n<p>ENERLAND no concede ninguna licencia o autorizaci\u00f3n de uso de ninguna clase sobre sus derechos de propiedad industrial e intelectual o sobre cualquier otra propiedad o derecho relacionado con el Website, los servicios o contenidos.<\/p>\n<p>&nbsp;<\/p>\n<h4><strong>Duraci\u00f3n y terminaci\u00f3n<\/strong><\/h4>\n<p>La duraci\u00f3n del presente Aviso Legal es indefinida. No obstante, ENERLAND podr\u00e1 dar por terminada o suspender en cualquier momento la accesibilidad a cualquiera de los contenidos ofrecidos en el Website.<\/p>\n<p>Asimismo, ENERLAND, podr\u00e1 modificar el contenido del presente Aviso Legal en cualquier momento, con la finalidad de adecuarlo a futuros cambios legislativos o tecnol\u00f3gicos. Estas modificaciones se considerar\u00e1n que han sido eficazmente notificadas desde su publicaci\u00f3n en el Website siendo v\u00e1lidas desde ese momento.<\/p>\n<p>&nbsp;<\/p>\n<h4><strong>Ley aplicable, conciliaci\u00f3n y jurisdicci\u00f3n<\/strong><\/h4>\n<p>El presente Aviso Legal se regir\u00e1 e interpretar\u00e1 de acuerdo con las leyes del Reino de Espa\u00f1a.<\/p>\n<p>En caso de conflicto, dificultad o controversia respecto de cualquier materia del presente Aviso Legal, \u00e9ste ser\u00e1 sometido a la jurisdicci\u00f3n de los Tribunales y Juzgados de Zaragoza (Espa\u00f1a) siempre que ello no contravenga la legislaci\u00f3n vigente.<\/p>\n","protected":false},"excerpt":{"rendered":"<p>Objeto. Este Aviso Legal regula la utilizaci\u00f3n por parte de los usuarios de las<\/p>\n","protected":false},"author":11,"featured_media":0,"parent":0,"menu_order":0,"comment_status":"closed","ping_status":"closed","template":"","meta":{"_et_pb_use_builder":"","_et_pb_old_content":"","_et_gb_content_width":"","footnotes":""},"class_list":["post-3470","page","type-page","status-publish","hentry"],"yoast_head":"<!-- This site is optimized with the Yoast SEO plugin v27.4 - https:\/\/yoast.com\/product\/yoast-seo-wordpress\/ -->\n<title>Aviso legal - Enerland Energ\u00eda Renovable<\/title>\n<meta name=\"description\" content=\"Informaci\u00f3n legal sobre la web de Enerland. Objeto, obligaciones del usuario, exclusi\u00f3n de responsabilidad, duraci\u00f3n y ley aplicable.\" \/>\n<meta name=\"robots\" content=\"index, follow, max-snippet:-1, max-image-preview:large, max-video-preview:-1\" \/>\n<link rel=\"canonical\" href=\"https:\/\/www.enerlandgroup.com\/es\/aviso-legal\/\" \/>\n<meta property=\"og:locale\" content=\"es_ES\" \/>\n<meta property=\"og:type\" content=\"article\" \/>\n<meta property=\"og:title\" content=\"Aviso legal - Enerland Energ\u00eda Renovable\" \/>\n<meta property=\"og:description\" content=\"Informaci\u00f3n legal sobre la web de Enerland. Objeto, obligaciones del usuario, exclusi\u00f3n de responsabilidad, duraci\u00f3n y ley aplicable.\" \/>\n<meta property=\"og:url\" content=\"https:\/\/www.enerlandgroup.com\/es\/aviso-legal\/\" \/>\n<meta property=\"og:site_name\" content=\"Enerland Energ\u00eda Renovable\" \/>\n<meta property=\"article:modified_time\" content=\"2021-08-10T12:09:42+00:00\" \/>\n<meta property=\"og:image\" content=\"https:\/\/www.enerlandgroup.com\/wp-content\/uploads\/2021\/06\/footer-logo.png\" \/>\n\t<meta property=\"og:image:width\" content=\"159\" \/>\n\t<meta property=\"og:image:height\" content=\"37\" \/>\n\t<meta property=\"og:image:type\" content=\"image\/png\" \/>\n<meta name=\"twitter:card\" content=\"summary_large_image\" \/>\n<script type=\"application\/ld+json\" class=\"yoast-schema-graph\">{\"@context\":\"https:\\\/\\\/schema.org\",\"@graph\":[{\"@type\":\"WebPage\",\"@id\":\"https:\\\/\\\/www.enerlandgroup.com\\\/es\\\/aviso-legal\\\/\",\"url\":\"https:\\\/\\\/www.enerlandgroup.com\\\/es\\\/aviso-legal\\\/\",\"name\":\"Aviso legal - Enerland Energ\u00eda Renovable\",\"isPartOf\":{\"@id\":\"https:\\\/\\\/www.enerlandgroup.com\\\/es\\\/#website\"},\"datePublished\":\"2021-06-16T08:20:24+00:00\",\"dateModified\":\"2021-08-10T12:09:42+00:00\",\"description\":\"Informaci\u00f3n legal sobre la web de Enerland. Objeto, obligaciones del usuario, exclusi\u00f3n de responsabilidad, duraci\u00f3n y ley aplicable.\",\"breadcrumb\":{\"@id\":\"https:\\\/\\\/www.enerlandgroup.com\\\/es\\\/aviso-legal\\\/#breadcrumb\"},\"inLanguage\":\"es\",\"potentialAction\":[{\"@type\":\"ReadAction\",\"target\":[\"https:\\\/\\\/www.enerlandgroup.com\\\/es\\\/aviso-legal\\\/\"]}]},{\"@type\":\"BreadcrumbList\",\"@id\":\"https:\\\/\\\/www.enerlandgroup.com\\\/es\\\/aviso-legal\\\/#breadcrumb\",\"itemListElement\":[{\"@type\":\"ListItem\",\"position\":1,\"name\":\"Inicio\",\"item\":\"https:\\\/\\\/www.enerlandgroup.com\\\/es\\\/\"},{\"@type\":\"ListItem\",\"position\":2,\"name\":\"Aviso legal\"}]},{\"@type\":\"WebSite\",\"@id\":\"https:\\\/\\\/www.enerlandgroup.com\\\/es\\\/#website\",\"url\":\"https:\\\/\\\/www.enerlandgroup.com\\\/es\\\/\",\"name\":\"Enerland Energ\u00eda Renovable\",\"description\":\"\",\"publisher\":{\"@id\":\"https:\\\/\\\/www.enerlandgroup.com\\\/es\\\/#organization\"},\"potentialAction\":[{\"@type\":\"SearchAction\",\"target\":{\"@type\":\"EntryPoint\",\"urlTemplate\":\"https:\\\/\\\/www.enerlandgroup.com\\\/es\\\/?s={search_term_string}\"},\"query-input\":{\"@type\":\"PropertyValueSpecification\",\"valueRequired\":true,\"valueName\":\"search_term_string\"}}],\"inLanguage\":\"es\"},{\"@type\":\"Organization\",\"@id\":\"https:\\\/\\\/www.enerlandgroup.com\\\/es\\\/#organization\",\"name\":\"Enerland Group\",\"url\":\"https:\\\/\\\/www.enerlandgroup.com\\\/es\\\/\",\"logo\":{\"@type\":\"ImageObject\",\"inLanguage\":\"es\",\"@id\":\"https:\\\/\\\/www.enerlandgroup.com\\\/es\\\/#\\\/schema\\\/logo\\\/image\\\/\",\"url\":\"https:\\\/\\\/www.enerlandgroup.com\\\/wp-content\\\/uploads\\\/2021\\\/05\\\/Logo_Enerland.png\",\"contentUrl\":\"https:\\\/\\\/www.enerlandgroup.com\\\/wp-content\\\/uploads\\\/2021\\\/05\\\/Logo_Enerland.png\",\"width\":184,\"height\":43,\"caption\":\"Enerland Group\"},\"image\":{\"@id\":\"https:\\\/\\\/www.enerlandgroup.com\\\/es\\\/#\\\/schema\\\/logo\\\/image\\\/\"},\"sameAs\":[\"https:\\\/\\\/www.linkedin.com\\\/company\\\/enerland-group\\\/\",\"https:\\\/\\\/www.youtube.com\\\/channel\\\/UCjdInbThgaPa2_D34vRChmA\"]}]}<\/script>\n<!-- \/ Yoast SEO plugin. -->","yoast_head_json":{"title":"Aviso legal - Enerland Energ\u00eda Renovable","description":"Informaci\u00f3n legal sobre la web de Enerland. Objeto, obligaciones del usuario, exclusi\u00f3n de responsabilidad, duraci\u00f3n y ley aplicable.","robots":{"index":"index","follow":"follow","max-snippet":"max-snippet:-1","max-image-preview":"max-image-preview:large","max-video-preview":"max-video-preview:-1"},"canonical":"https:\/\/www.enerlandgroup.com\/es\/aviso-legal\/","og_locale":"es_ES","og_type":"article","og_title":"Aviso legal - Enerland Energ\u00eda Renovable","og_description":"Informaci\u00f3n legal sobre la web de Enerland. Objeto, obligaciones del usuario, exclusi\u00f3n de responsabilidad, duraci\u00f3n y ley aplicable.","og_url":"https:\/\/www.enerlandgroup.com\/es\/aviso-legal\/","og_site_name":"Enerland Energ\u00eda Renovable","article_modified_time":"2021-08-10T12:09:42+00:00","og_image":[{"width":159,"height":37,"url":"https:\/\/www.enerlandgroup.com\/wp-content\/uploads\/2021\/06\/footer-logo.png","type":"image\/png"}],"twitter_card":"summary_large_image","schema":{"@context":"https:\/\/schema.org","@graph":[{"@type":"WebPage","@id":"https:\/\/www.enerlandgroup.com\/es\/aviso-legal\/","url":"https:\/\/www.enerlandgroup.com\/es\/aviso-legal\/","name":"Aviso legal - Enerland Energ\u00eda Renovable","isPartOf":{"@id":"https:\/\/www.enerlandgroup.com\/es\/#website"},"datePublished":"2021-06-16T08:20:24+00:00","dateModified":"2021-08-10T12:09:42+00:00","description":"Informaci\u00f3n legal sobre la web de Enerland. Objeto, obligaciones del usuario, exclusi\u00f3n de responsabilidad, duraci\u00f3n y ley aplicable.","breadcrumb":{"@id":"https:\/\/www.enerlandgroup.com\/es\/aviso-legal\/#breadcrumb"},"inLanguage":"es","potentialAction":[{"@type":"ReadAction","target":["https:\/\/www.enerlandgroup.com\/es\/aviso-legal\/"]}]},{"@type":"BreadcrumbList","@id":"https:\/\/www.enerlandgroup.com\/es\/aviso-legal\/#breadcrumb","itemListElement":[{"@type":"ListItem","position":1,"name":"Inicio","item":"https:\/\/www.enerlandgroup.com\/es\/"},{"@type":"ListItem","position":2,"name":"Aviso legal"}]},{"@type":"WebSite","@id":"https:\/\/www.enerlandgroup.com\/es\/#website","url":"https:\/\/www.enerlandgroup.com\/es\/","name":"Enerland Energ\u00eda Renovable","description":"","publisher":{"@id":"https:\/\/www.enerlandgroup.com\/es\/#organization"},"potentialAction":[{"@type":"SearchAction","target":{"@type":"EntryPoint","urlTemplate":"https:\/\/www.enerlandgroup.com\/es\/?s={search_term_string}"},"query-input":{"@type":"PropertyValueSpecification","valueRequired":true,"valueName":"search_term_string"}}],"inLanguage":"es"},{"@type":"Organization","@id":"https:\/\/www.enerlandgroup.com\/es\/#organization","name":"Enerland Group","url":"https:\/\/www.enerlandgroup.com\/es\/","logo":{"@type":"ImageObject","inLanguage":"es","@id":"https:\/\/www.enerlandgroup.com\/es\/#\/schema\/logo\/image\/","url":"https:\/\/www.enerlandgroup.com\/wp-content\/uploads\/2021\/05\/Logo_Enerland.png","contentUrl":"https:\/\/www.enerlandgroup.com\/wp-content\/uploads\/2021\/05\/Logo_Enerland.png","width":184,"height":43,"caption":"Enerland Group"},"image":{"@id":"https:\/\/www.enerlandgroup.com\/es\/#\/schema\/logo\/image\/"},"sameAs":["https:\/\/www.linkedin.com\/company\/enerland-group\/","https:\/\/www.youtube.com\/channel\/UCjdInbThgaPa2_D34vRChmA"]}]}},"_links":{"self":[{"href":"https:\/\/www.enerlandgroup.com\/es\/wp-json\/wp\/v2\/pages\/3470","targetHints":{"allow":["GET"]}}],"collection":[{"href":"https:\/\/www.enerlandgroup.com\/es\/wp-json\/wp\/v2\/pages"}],"about":[{"href":"https:\/\/www.enerlandgroup.com\/es\/wp-json\/wp\/v2\/types\/page"}],"author":[{"embeddable":true,"href":"https:\/\/www.enerlandgroup.com\/es\/wp-json\/wp\/v2\/users\/11"}],"replies":[{"embeddable":true,"href":"https:\/\/www.enerlandgroup.com\/es\/wp-json\/wp\/v2\/comments?post=3470"}],"version-history":[{"count":6,"href":"https:\/\/www.enerlandgroup.com\/es\/wp-json\/wp\/v2\/pages\/3470\/revisions"}],"predecessor-version":[{"id":5077,"href":"https:\/\/www.enerlandgroup.com\/es\/wp-json\/wp\/v2\/pages\/3470\/revisions\/5077"}],"wp:attachment":[{"href":"https:\/\/www.enerlandgroup.com\/es\/wp-json\/wp\/v2\/media?parent=3470"}],"curies":[{"name":"wp","href":"https:\/\/api.w.org\/{rel}","templated":true}]}}