{"id":251,"date":"2021-03-19T09:37:12","date_gmt":"2021-03-19T09:37:12","guid":{"rendered":"http:\/\/www.enerlandgroup.com\/www\/?page_id=251"},"modified":"2025-06-06T14:43:57","modified_gmt":"2025-06-06T12:43:57","slug":"desarrollo","status":"publish","type":"page","link":"https:\/\/www.enerlandgroup.com\/es\/desarrollo\/","title":{"rendered":"Desarrollo"},"content":{"rendered":"<p>[et_pb_section fb_built=\u00bb1&#8243; custom_padding_last_edited=\u00bbon|desktop\u00bb module_class=\u00bbaltura-cabecera\u00bb _builder_version=\u00bb4.16&#8243; _module_preset=\u00bbdefault\u00bb background_image=\u00bbhttps:\/\/www.enerlandgroup.com\/wp-content\/uploads\/2021\/08\/Desarrollos-cabecera.jpg\u00bb background_enable_video_mp4=\u00bboff\u00bb min_height=\u00bb600px\u00bb min_height_last_edited=\u00bboff|desktop\u00bb custom_margin=\u00bb0px||||false|false\u00bb custom_padding=\u00bb0px||||false|false\u00bb custom_padding_tablet=\u00bb\u00bb custom_padding_phone=\u00bb0px||||false|false\u00bb custom_css_main_element=\u00bbdisplay:flex;||align-items:center;||justify-content:center;||position:relative;\u00bb global_colors_info=\u00bb{}\u00bb][et_pb_row custom_padding_last_edited=\u00bbon|tablet\u00bb disabled_on=\u00bboff|off|off\u00bb _builder_version=\u00bb4.16&#8243; _module_preset=\u00bbdefault\u00bb width=\u00bb45%\u00bb width_tablet=\u00bb50%\u00bb width_phone=\u00bb100%\u00bb width_last_edited=\u00bbon|desktop\u00bb custom_padding=\u00bb||||false|false\u00bb custom_padding_tablet=\u00bb0%||0%||false|false\u00bb custom_padding_phone=\u00bb0%||0px||false|false\u00bb custom_css_main_element=\u00bbz-index:9;\u00bb global_colors_info=\u00bb{}\u00bb][et_pb_column type=\u00bb4_4&#8243; _builder_version=\u00bb4.16&#8243; _module_preset=\u00bbdefault\u00bb global_colors_info=\u00bb{}\u00bb][et_pb_text admin_label=\u00bbEnerland\u00bb module_class=\u00bbtitulo_slider\u00bb _builder_version=\u00bb4.16&#8243; _module_preset=\u00bbdefault\u00bb text_font=\u00bbRoboto Slab||||||||\u00bb text_text_color=\u00bb#FFFFFF\u00bb text_font_size=\u00bb50px\u00bb text_letter_spacing=\u00bb2px\u00bb text_line_height=\u00bb55px\u00bb text_orientation=\u00bbcenter\u00bb background_layout=\u00bbdark\u00bb custom_margin=\u00bb||10px||false|false\u00bb text_font_size_tablet=\u00bb40px\u00bb text_font_size_phone=\u00bb40px\u00bb text_font_size_last_edited=\u00bbon|phone\u00bb custom_css_main_element=\u00bbz-index:9;\u00bb global_colors_info=\u00bb{}\u00bb]<\/p>\n<p>Desarrollo<\/p>\n<p>[\/et_pb_text][\/et_pb_column][\/et_pb_row][\/et_pb_section][et_pb_section fb_built=\u00bb1&#8243; _builder_version=\u00bb4.16&#8243; _module_preset=\u00bbdefault\u00bb custom_padding=\u00bb35px||0px||false|false\u00bb global_colors_info=\u00bb{}\u00bb][et_pb_row _builder_version=\u00bb4.16&#8243; _module_preset=\u00bbdefault\u00bb global_colors_info=\u00bb{}\u00bb][et_pb_column type=\u00bb4_4&#8243; _builder_version=\u00bb4.16&#8243; _module_preset=\u00bbdefault\u00bb global_colors_info=\u00bb{}\u00bb][et_pb_text _builder_version=\u00bb4.22.0&#8243; _module_preset=\u00bbdefault\u00bb text_font=\u00bbRoboto Condensed||||||||\u00bb text_text_color=\u00bb#10304c\u00bb text_font_size=\u00bb20px\u00bb text_letter_spacing=\u00bb3px\u00bb text_line_height=\u00bb30px\u00bb text_orientation=\u00bbcenter\u00bb width=\u00bb80%\u00bb custom_margin=\u00bb|auto||auto|false|false\u00bb hover_enabled=\u00bb0&#8243; global_colors_info=\u00bb{}\u00bb sticky_enabled=\u00bb0&#8243;]<\/p>\n<p><strong>Una de las grandes fortalezas de Enerland es el \u00e1rea de desarrollo de proyectos renovables, en todas las tecnolog\u00edas, siendo las principales solar fotovoltaica, e\u00f3lica y almacenamiento.<\/strong><\/p>\n<p style=\"text-align: center;\">Contamos con equipo multidisciplinar de profesionales altamente cualificados y con amplia experiencia en el sector que se encarga de desarrollar de forma integral y espec\u00edfica cada uno de nuestros proyectos de energ\u00eda verde.<\/p>\n<p>[\/et_pb_text][\/et_pb_column][\/et_pb_row][\/et_pb_section][et_pb_section fb_built=\u00bb1&#8243; module_id=\u00bbcifrasdesarrollo\u00bb _builder_version=\u00bb4.16&#8243; _module_preset=\u00bbdefault\u00bb min_height=\u00bb100px\u00bb custom_margin=\u00bb20px||20px||true|false\u00bb custom_padding=\u00bb0px||0px|||\u00bb global_colors_info=\u00bb{}\u00bb][et_pb_row column_structure=\u00bb1_2,1_2&#8243; _builder_version=\u00bb4.16&#8243; _module_preset=\u00bbdefault\u00bb global_colors_info=\u00bb{}\u00bb][et_pb_column type=\u00bb1_2&#8243; _builder_version=\u00bb4.16&#8243; _module_preset=\u00bbdefault\u00bb global_colors_info=\u00bb{}\u00bb][et_pb_image src=\u00bbhttps:\/\/www.enerlandgroup.com\/wp-content\/uploads\/2021\/05\/mundo-icon.png\u00bb alt=\u00bbmundo-icon\u00bb title_text=\u00bbmundo-icon\u00bb align=\u00bbcenter\u00bb align_tablet=\u00bb\u00bb align_phone=\u00bbcenter\u00bb align_last_edited=\u00bbon|phone\u00bb _builder_version=\u00bb4.16&#8243; _module_preset=\u00bbdefault\u00bb width=\u00bb45.5%\u00bb custom_margin=\u00bb|30px|||false|false\u00bb custom_padding=\u00bb|0px||||\u00bb animation_style=\u00bbroll\u00bb animation_duration=\u00bb2000ms\u00bb global_colors_info=\u00bb{}\u00bb][\/et_pb_image][et_pb_text module_class=\u00bbnumbers\u00bb _builder_version=\u00bb4.22.0&#8243; _module_preset=\u00bbdefault\u00bb global_colors_info=\u00bb{}\u00bb]<\/p>\n<p>7<\/p>\n<p>[\/et_pb_text][et_pb_text content_tablet=\u00bb<\/p>\n<p><strong>Pa\u00edses<\/strong> con proyectos<br \/>en desarrollo<\/p>\n<p>\u00bb content_phone=\u00bb<\/p>\n<p style=%22text-align: center;%22><strong>Pa\u00edses<\/strong> con proyectos<br \/>en desarrollo<\/p>\n<p>\u00bb content_last_edited=\u00bbon|tablet\u00bb admin_label=\u00bbTexto\u00bb _builder_version=\u00bb4.16&#8243; _module_preset=\u00bbdefault\u00bb text_font=\u00bbRoboto Condensed|||on|||||\u00bb text_text_color=\u00bb#2b2b2b\u00bb text_font_size=\u00bb22px\u00bb text_letter_spacing=\u00bb2px\u00bb text_line_height=\u00bb30px\u00bb custom_margin=\u00bb-12px|||||\u00bb global_colors_info=\u00bb{}\u00bb]<\/p>\n<p style=\"text-align: left;\"><strong>Pa\u00edses<\/strong> con proyectos<br \/>en desarrollo<\/p>\n<p>[\/et_pb_text][\/et_pb_column][et_pb_column type=\u00bb1_2&#8243; _builder_version=\u00bb4.16&#8243; _module_preset=\u00bbdefault\u00bb global_colors_info=\u00bb{}\u00bb][et_pb_image src=\u00bbhttps:\/\/www.enerlandgroup.com\/wp-content\/uploads\/2021\/05\/MW-icon.png\u00bb alt=\u00bbmundo-icon\u00bb title_text=\u00bbMW-icon\u00bb align=\u00bbcenter\u00bb align_tablet=\u00bb\u00bb align_phone=\u00bbcenter\u00bb align_last_edited=\u00bbon|phone\u00bb _builder_version=\u00bb4.16&#8243; _module_preset=\u00bbdefault\u00bb width=\u00bb45.5%\u00bb custom_margin=\u00bb|30px|||false|false\u00bb custom_padding=\u00bb|0px||||\u00bb animation_style=\u00bbroll\u00bb animation_duration=\u00bb2000ms\u00bb animation_intensity_roll=\u00bb100%\u00bb module_alignment_tablet=\u00bb\u00bb module_alignment_phone=\u00bbcenter\u00bb module_alignment_last_edited=\u00bbon|phone\u00bb global_colors_info=\u00bb{}\u00bb][\/et_pb_image][et_pb_text module_class=\u00bbnumbers\u00bb _builder_version=\u00bb4.22.0&#8243; _module_preset=\u00bbdefault\u00bb global_colors_info=\u00bb{}\u00bb]<\/p>\n<p>3,1<\/p>\n<p>[\/et_pb_text][et_pb_text content_tablet=\u00bb<\/p>\n<p><strong>MW<\/strong> en desarrollo<\/p>\n<p>\u00bb content_phone=\u00bb<\/p>\n<p style=%22text-align: center;%22><strong>MW<\/strong> en desarrollo<\/p>\n<p>\u00bb content_last_edited=\u00bbon|tablet\u00bb _builder_version=\u00bb4.22.0&#8243; _module_preset=\u00bbdefault\u00bb text_font=\u00bbRoboto Condensed|||on|||||\u00bb text_text_color=\u00bb#2b2b2b\u00bb text_font_size=\u00bb22px\u00bb text_letter_spacing=\u00bb1px\u00bb text_line_height=\u00bb30px\u00bb custom_margin=\u00bb-12px|||||\u00bb locked=\u00bboff\u00bb global_colors_info=\u00bb{}\u00bb]<\/p>\n<p style=\"text-align: left;\"><strong>GW<\/strong> en desarrollo<\/p>\n<p>[\/et_pb_text][\/et_pb_column][\/et_pb_row][\/et_pb_section][et_pb_section fb_built=\u00bb1&#8243; _builder_version=\u00bb4.16&#8243; _module_preset=\u00bbdefault\u00bb custom_padding=\u00bb8px||35px|||\u00bb global_colors_info=\u00bb{}\u00bb][et_pb_row _builder_version=\u00bb4.16&#8243; _module_preset=\u00bbdefault\u00bb global_colors_info=\u00bb{}\u00bb][et_pb_column type=\u00bb4_4&#8243; _builder_version=\u00bb4.16&#8243; _module_preset=\u00bbdefault\u00bb global_colors_info=\u00bb{}\u00bb][et_pb_text _builder_version=\u00bb4.22.0&#8243; _module_preset=\u00bbdefault\u00bb text_font=\u00bbRoboto Condensed||||||||\u00bb text_text_color=\u00bb#10304c\u00bb text_font_size=\u00bb20px\u00bb text_letter_spacing=\u00bb3px\u00bb text_line_height=\u00bb30px\u00bb text_orientation=\u00bbcenter\u00bb width=\u00bb80%\u00bb custom_margin=\u00bb|auto||auto|false|false\u00bb global_colors_info=\u00bb{}\u00bb]<\/p>\n<p style=\"text-align: center;\">Nuestro equipo de desarrollo de proyectos se encarga de todo el proceso: desde las primeras etapas, en las que se incluye el estudio de viabilidad, hasta el final, aportando cuando sean necesarios los PPAs (Power Purchase Agreements).<\/p>\n<p style=\"text-align: center;\">Nuestra b\u00fasqueda de la perfecci\u00f3n y el detalle permite que ejecutemos desarrollos de grandes proyectos de manera \u00e1gil y exitosa. Todos ellos han superado las auditor\u00edas tanto t\u00e9cnicas como legales de las mejores y m\u00e1s importantes firmas internacionales.<\/p>\n<p>[\/et_pb_text][\/et_pb_column][\/et_pb_row][\/et_pb_section][et_pb_section fb_built=\u00bb1&#8243; _builder_version=\u00bb4.16&#8243; _module_preset=\u00bbdefault\u00bb background_color=\u00bb#f9f9f9&#8243; width=\u00bb95%\u00bb custom_margin=\u00bb|auto||auto|false|false\u00bb custom_padding=\u00bb||50px|||\u00bb global_colors_info=\u00bb{}\u00bb][et_pb_row _builder_version=\u00bb4.16&#8243; _module_preset=\u00bbdefault\u00bb custom_padding=\u00bb75px||20px||false|false\u00bb global_colors_info=\u00bb{}\u00bb][et_pb_column type=\u00bb4_4&#8243; _builder_version=\u00bb4.16&#8243; _module_preset=\u00bbdefault\u00bb global_colors_info=\u00bb{}\u00bb][et_pb_image src=\u00bbhttps:\/\/www.enerlandgroup.com\/wp-content\/uploads\/2021\/05\/fases-icon.png\u00bb alt=\u00bbicono fases\u00bb title_text=\u00bbfases-icon\u00bb align=\u00bbcenter\u00bb _builder_version=\u00bb4.16&#8243; _module_preset=\u00bbdefault\u00bb global_colors_info=\u00bb{}\u00bb][\/et_pb_image][et_pb_text _builder_version=\u00bb4.16&#8243; _module_preset=\u00bbdefault\u00bb text_font=\u00bbRoboto Condensed|||on|||||\u00bb text_text_color=\u00bb#10304c\u00bb text_font_size=\u00bb30px\u00bb text_orientation=\u00bbcenter\u00bb global_colors_info=\u00bb{}\u00bb]<\/p>\n<p>Fases<\/p>\n<p>[\/et_pb_text][et_pb_blurb title=\u00bbB\u00fasqueda del terreno id\u00f3neo y tramitaci\u00f3n administrativa del mismo\u00bb image=\u00bbhttps:\/\/www.enerlandgroup.com\/wp-content\/uploads\/2021\/05\/Inicio-timeline.png\u00bb alt=\u00bbinicio timeline\u00bb content_max_width=\u00bb65%\u00bb _builder_version=\u00bb4.22.0&#8243; _module_preset=\u00bbdefault\u00bb header_font=\u00bbRoboto||||||||\u00bb header_text_align=\u00bbcenter\u00bb header_text_color=\u00bb#10304c\u00bb header_font_size=\u00bb22px\u00bb header_line_height=\u00bb36px\u00bb body_font=\u00bbRoboto||||||||\u00bb body_text_color=\u00bb#10304c\u00bb body_font_size=\u00bb20px\u00bb body_letter_spacing=\u00bb1px\u00bb body_line_height=\u00bb30px\u00bb text_orientation=\u00bbcenter\u00bb custom_margin=\u00bb||||false|false\u00bb custom_padding=\u00bb||||false|false\u00bb animation_style=\u00bbfade\u00bb scroll_vertical_motion=\u00bb50|50|50|50|4|0|-4&#8243; scroll_fade_enable=\u00bbon\u00bb global_colors_info=\u00bb{}\u00bb]<\/p>\n<p>Iniciamos el proyecto buscando y gestionando los terrenos, estudiando las posibles afecciones de este, as\u00ed como de su entorno, y eligiendo aquellas ubicaciones que supongan un menor impacto para el medioambiente<\/p>\n<p>[\/et_pb_blurb][et_pb_blurb title=\u00bbEstudio y elecci\u00f3n de los puntos de conexi\u00f3n<br \/>\n\u00bb image=\u00bbhttps:\/\/www.enerlandgroup.com\/wp-content\/uploads\/2021\/05\/centro-timeline.png\u00bb alt=\u00bbcentro timeline\u00bb content_max_width=\u00bb65%\u00bb _builder_version=\u00bb4.16&#8243; _module_preset=\u00bbdefault\u00bb header_font=\u00bbRoboto||||||||\u00bb header_text_align=\u00bbcenter\u00bb header_text_color=\u00bb#10304c\u00bb header_font_size=\u00bb22px\u00bb header_line_height=\u00bb30px\u00bb body_font=\u00bbRoboto||||||||\u00bb body_text_color=\u00bb#10304c\u00bb body_font_size=\u00bb20px\u00bb body_letter_spacing=\u00bb1px\u00bb body_line_height=\u00bb30px\u00bb text_orientation=\u00bbcenter\u00bb custom_margin=\u00bb||||false|false\u00bb custom_padding=\u00bb||||false|false\u00bb animation_style=\u00bbfade\u00bb scroll_vertical_motion=\u00bb50|50|50|50|4|0|-4&#8243; scroll_fade_enable=\u00bbon\u00bb global_colors_info=\u00bb{}\u00bb]<\/p>\n<p>Realizamos integralmente las tramitaciones de estudios de gesti\u00f3n medioambiental. Sin la validaci\u00f3n medioambiental de las administraciones, no comenzamos la etapa de ingenier\u00eda de desarrollo<\/p>\n<p>[\/et_pb_blurb][et_pb_blurb title=\u00bbIngenier\u00eda de dise\u00f1o del proyecto y estudio de producci\u00f3n y rentabilidad\u00bb image=\u00bbhttps:\/\/www.enerlandgroup.com\/wp-content\/uploads\/2021\/05\/centro-timeline.png\u00bb alt=\u00bbcentro timeline\u00bb content_max_width=\u00bb65%\u00bb _builder_version=\u00bb4.16&#8243; _module_preset=\u00bbdefault\u00bb header_font=\u00bbRoboto||||||||\u00bb header_text_align=\u00bbcenter\u00bb header_text_color=\u00bb#10304c\u00bb header_font_size=\u00bb22px\u00bb header_line_height=\u00bb30px\u00bb body_font=\u00bbRoboto||||||||\u00bb body_text_color=\u00bb#10304c\u00bb body_font_size=\u00bb20px\u00bb body_letter_spacing=\u00bb1px\u00bb body_line_height=\u00bb30px\u00bb text_orientation=\u00bbcenter\u00bb custom_margin=\u00bb||||false|false\u00bb custom_padding=\u00bb||||false|false\u00bb animation_style=\u00bbfade\u00bb scroll_vertical_motion=\u00bb50|50|50|50|4|0|-4&#8243; scroll_fade_enable=\u00bbon\u00bb global_colors_info=\u00bb{}\u00bb]<\/p>\n<p>Nuestro equipo de ingenieros altamente cualificados y con gran experiencia en el sector energ\u00e9tico se encarga de realizar el dise\u00f1o, la elaboraci\u00f3n de toda la documentaci\u00f3n t\u00e9cnica y el estudio de producci\u00f3n energ\u00e9tica para que nuestros clientes obtengan siempre la m\u00e1xima rentabilidad<\/p>\n<p>[\/et_pb_blurb][et_pb_blurb title=\u00bbTramitaci\u00f3n integral administrativa de licencias y permisos\u00bb image=\u00bbhttps:\/\/www.enerlandgroup.com\/wp-content\/uploads\/2021\/05\/centro-timeline.png\u00bb alt=\u00bbcentro timeline\u00bb content_max_width=\u00bb65%\u00bb _builder_version=\u00bb4.22.0&#8243; _module_preset=\u00bbdefault\u00bb header_font=\u00bbRoboto||||||||\u00bb header_text_align=\u00bbcenter\u00bb header_text_color=\u00bb#10304c\u00bb header_font_size=\u00bb22px\u00bb header_line_height=\u00bb30px\u00bb body_font=\u00bbRoboto||||||||\u00bb body_text_color=\u00bb#10304c\u00bb body_font_size=\u00bb20px\u00bb body_letter_spacing=\u00bb1px\u00bb body_line_height=\u00bb30px\u00bb text_orientation=\u00bbcenter\u00bb custom_margin=\u00bb||||false|false\u00bb custom_padding=\u00bb||||false|false\u00bb animation_style=\u00bbfade\u00bb scroll_vertical_motion=\u00bb50|50|50|50|4|0|-4&#8243; scroll_fade_enable=\u00bbon\u00bb global_colors_info=\u00bb{}\u00bb]<\/p>\n<p>Una vez tramitados todos los permisos administrativos, legales y medioambientales necesarios para la construcci\u00f3n, hacemos un seguimiento exhaustivo de los mismos, realizando modificaciones de forma \u00e1gil cuando sea necesario para obtener todos los permisos y licencias requeridas para comenzar la construcci\u00f3n<\/p>\n<p>[\/et_pb_blurb][et_pb_blurb title=\u00bbProyecto en estado RTB \u00bb image=\u00bbhttps:\/\/www.enerlandgroup.com\/wp-content\/uploads\/2021\/05\/centro-timeline.png\u00bb alt=\u00bbcentro timeline\u00bb content_max_width=\u00bb65%\u00bb _builder_version=\u00bb4.16&#8243; _module_preset=\u00bbdefault\u00bb header_font=\u00bbRoboto||||||||\u00bb header_text_align=\u00bbcenter\u00bb header_text_color=\u00bb#10304c\u00bb header_font_size=\u00bb22px\u00bb header_line_height=\u00bb30px\u00bb body_font=\u00bbRoboto||||||||\u00bb body_text_color=\u00bb#10304c\u00bb body_font_size=\u00bb20px\u00bb body_letter_spacing=\u00bb1px\u00bb body_line_height=\u00bb30px\u00bb text_orientation=\u00bbcenter\u00bb custom_margin=\u00bb||||false|false\u00bb custom_padding=\u00bb||||false|false\u00bb animation_style=\u00bbfade\u00bb scroll_vertical_motion=\u00bb50|50|50|50|4|0|-4&#8243; scroll_fade_enable=\u00bbon\u00bb global_colors_info=\u00bb{}\u00bb]<\/p>\n<p>El proyecto ya cumple con todos los requerimientos y est\u00e1 listo para comenzar a construir. En este punto, ofrecemos la venta del parque en modalidad RTB<\/p>\n<p>[\/et_pb_blurb][\/et_pb_column][\/et_pb_row][\/et_pb_section][et_pb_section fb_built=\u00bb1&#8243; _builder_version=\u00bb4.16&#8243; _module_preset=\u00bbdefault\u00bb custom_margin=\u00bb20px||40px||false|false\u00bb locked=\u00bboff\u00bb global_colors_info=\u00bb{}\u00bb][et_pb_row _builder_version=\u00bb4.16&#8243; _module_preset=\u00bbdefault\u00bb global_colors_info=\u00bb{}\u00bb][et_pb_column type=\u00bb4_4&#8243; _builder_version=\u00bb4.16&#8243; _module_preset=\u00bbdefault\u00bb global_colors_info=\u00bb{}\u00bb][et_pb_button button_url=\u00bb@ET-DC@eyJkeW5hbWljIjp0cnVlLCJjb250ZW50IjoicG9zdF9saW5rX3VybF9wYWdlIiwic2V0dGluZ3MiOnsicG9zdF9pZCI6IjMzOSJ9fQ==@\u00bb button_text=\u00bbIr a Construcci\u00f3n\u00bb button_alignment=\u00bbcenter\u00bb _builder_version=\u00bb4.16&#8243; _dynamic_attributes=\u00bbbutton_url\u00bb _module_preset=\u00bbdefault\u00bb custom_button=\u00bbon\u00bb button_text_color=\u00bb#ffffff\u00bb button_bg_color=\u00bb#f6a610&#8243; button_border_width=\u00bb0px\u00bb button_border_radius=\u00bb0px\u00bb button_letter_spacing=\u00bb2px\u00bb button_font=\u00bbRoboto||||||||\u00bb button_use_icon=\u00bboff\u00bb background_layout=\u00bbdark\u00bb custom_margin=\u00bb|auto||auto|false|false\u00bb custom_padding=\u00bb10px|50px|10px|50px|true|false\u00bb custom_css_main_element=\u00bbtext-decoration: underline;||font-weight: 700;\u00bb global_colors_info=\u00bb{}\u00bb][\/et_pb_button][\/et_pb_column][\/et_pb_row][\/et_pb_section]<\/p>\n","protected":false},"excerpt":{"rendered":"<p>DesarrolloUna de las grandes fortalezas de Enerland es el \u00e1rea de desarrollo de proyectos<\/p>\n","protected":false},"author":3,"featured_media":0,"parent":0,"menu_order":0,"comment_status":"closed","ping_status":"closed","template":"","meta":{"_et_pb_use_builder":"on","_et_pb_old_content":"","_et_gb_content_width":"","footnotes":""},"class_list":["post-251","page","type-page","status-publish","hentry"],"yoast_head":"<!-- This site is optimized with the Yoast SEO plugin v27.4 - https:\/\/yoast.com\/product\/yoast-seo-wordpress\/ -->\n<title>Desarrollo - Enerland Energ\u00eda Renovable<\/title>\n<meta name=\"description\" content=\"En Enerland, una de nuestras grandes fortalezas es el \u00e1rea de desarrollo de proyectos de grandes parques fotovoltaicos.\" \/>\n<meta name=\"robots\" content=\"index, follow, max-snippet:-1, max-image-preview:large, max-video-preview:-1\" \/>\n<link rel=\"canonical\" href=\"https:\/\/www.enerlandgroup.com\/es\/desarrollo\/\" \/>\n<meta property=\"og:locale\" content=\"es_ES\" \/>\n<meta property=\"og:type\" content=\"article\" \/>\n<meta property=\"og:title\" content=\"Desarrollo - Enerland Energ\u00eda Renovable\" \/>\n<meta property=\"og:description\" content=\"En Enerland, una de nuestras grandes fortalezas es el \u00e1rea de desarrollo de proyectos de grandes parques fotovoltaicos.\" \/>\n<meta property=\"og:url\" content=\"https:\/\/www.enerlandgroup.com\/es\/desarrollo\/\" \/>\n<meta property=\"og:site_name\" content=\"Enerland Energ\u00eda Renovable\" \/>\n<meta property=\"article:modified_time\" content=\"2025-06-06T12:43:57+00:00\" \/>\n<meta property=\"og:image\" content=\"https:\/\/www.enerlandgroup.com\/wp-content\/uploads\/2021\/06\/footer-logo.png\" \/>\n\t<meta property=\"og:image:width\" content=\"159\" \/>\n\t<meta property=\"og:image:height\" content=\"37\" \/>\n\t<meta property=\"og:image:type\" content=\"image\/png\" \/>\n<meta name=\"twitter:card\" content=\"summary_large_image\" \/>\n<script type=\"application\/ld+json\" class=\"yoast-schema-graph\">{\"@context\":\"https:\\\/\\\/schema.org\",\"@graph\":[{\"@type\":\"WebPage\",\"@id\":\"https:\\\/\\\/www.enerlandgroup.com\\\/es\\\/desarrollo\\\/\",\"url\":\"https:\\\/\\\/www.enerlandgroup.com\\\/es\\\/desarrollo\\\/\",\"name\":\"Desarrollo - Enerland Energ\u00eda Renovable\",\"isPartOf\":{\"@id\":\"https:\\\/\\\/www.enerlandgroup.com\\\/es\\\/#website\"},\"datePublished\":\"2021-03-19T09:37:12+00:00\",\"dateModified\":\"2025-06-06T12:43:57+00:00\",\"description\":\"En Enerland, una de nuestras grandes fortalezas es el \u00e1rea de desarrollo de proyectos de grandes parques fotovoltaicos.\",\"breadcrumb\":{\"@id\":\"https:\\\/\\\/www.enerlandgroup.com\\\/es\\\/desarrollo\\\/#breadcrumb\"},\"inLanguage\":\"es\",\"potentialAction\":[{\"@type\":\"ReadAction\",\"target\":[\"https:\\\/\\\/www.enerlandgroup.com\\\/es\\\/desarrollo\\\/\"]}]},{\"@type\":\"BreadcrumbList\",\"@id\":\"https:\\\/\\\/www.enerlandgroup.com\\\/es\\\/desarrollo\\\/#breadcrumb\",\"itemListElement\":[{\"@type\":\"ListItem\",\"position\":1,\"name\":\"Inicio\",\"item\":\"https:\\\/\\\/www.enerlandgroup.com\\\/es\\\/\"},{\"@type\":\"ListItem\",\"position\":2,\"name\":\"Desarrollo\"}]},{\"@type\":\"WebSite\",\"@id\":\"https:\\\/\\\/www.enerlandgroup.com\\\/es\\\/#website\",\"url\":\"https:\\\/\\\/www.enerlandgroup.com\\\/es\\\/\",\"name\":\"Enerland Energ\u00eda Renovable\",\"description\":\"\",\"publisher\":{\"@id\":\"https:\\\/\\\/www.enerlandgroup.com\\\/es\\\/#organization\"},\"potentialAction\":[{\"@type\":\"SearchAction\",\"target\":{\"@type\":\"EntryPoint\",\"urlTemplate\":\"https:\\\/\\\/www.enerlandgroup.com\\\/es\\\/?s={search_term_string}\"},\"query-input\":{\"@type\":\"PropertyValueSpecification\",\"valueRequired\":true,\"valueName\":\"search_term_string\"}}],\"inLanguage\":\"es\"},{\"@type\":\"Organization\",\"@id\":\"https:\\\/\\\/www.enerlandgroup.com\\\/es\\\/#organization\",\"name\":\"Enerland Group\",\"url\":\"https:\\\/\\\/www.enerlandgroup.com\\\/es\\\/\",\"logo\":{\"@type\":\"ImageObject\",\"inLanguage\":\"es\",\"@id\":\"https:\\\/\\\/www.enerlandgroup.com\\\/es\\\/#\\\/schema\\\/logo\\\/image\\\/\",\"url\":\"https:\\\/\\\/www.enerlandgroup.com\\\/wp-content\\\/uploads\\\/2021\\\/05\\\/Logo_Enerland.png\",\"contentUrl\":\"https:\\\/\\\/www.enerlandgroup.com\\\/wp-content\\\/uploads\\\/2021\\\/05\\\/Logo_Enerland.png\",\"width\":184,\"height\":43,\"caption\":\"Enerland Group\"},\"image\":{\"@id\":\"https:\\\/\\\/www.enerlandgroup.com\\\/es\\\/#\\\/schema\\\/logo\\\/image\\\/\"},\"sameAs\":[\"https:\\\/\\\/www.linkedin.com\\\/company\\\/enerland-group\\\/\",\"https:\\\/\\\/www.youtube.com\\\/channel\\\/UCjdInbThgaPa2_D34vRChmA\"]}]}<\/script>\n<!-- \/ Yoast SEO plugin. -->","yoast_head_json":{"title":"Desarrollo - Enerland Energ\u00eda Renovable","description":"En Enerland, una de nuestras grandes fortalezas es el \u00e1rea de desarrollo de proyectos de grandes parques fotovoltaicos.","robots":{"index":"index","follow":"follow","max-snippet":"max-snippet:-1","max-image-preview":"max-image-preview:large","max-video-preview":"max-video-preview:-1"},"canonical":"https:\/\/www.enerlandgroup.com\/es\/desarrollo\/","og_locale":"es_ES","og_type":"article","og_title":"Desarrollo - Enerland Energ\u00eda Renovable","og_description":"En Enerland, una de nuestras grandes fortalezas es el \u00e1rea de desarrollo de proyectos de grandes parques fotovoltaicos.","og_url":"https:\/\/www.enerlandgroup.com\/es\/desarrollo\/","og_site_name":"Enerland Energ\u00eda Renovable","article_modified_time":"2025-06-06T12:43:57+00:00","og_image":[{"width":159,"height":37,"url":"https:\/\/www.enerlandgroup.com\/wp-content\/uploads\/2021\/06\/footer-logo.png","type":"image\/png"}],"twitter_card":"summary_large_image","schema":{"@context":"https:\/\/schema.org","@graph":[{"@type":"WebPage","@id":"https:\/\/www.enerlandgroup.com\/es\/desarrollo\/","url":"https:\/\/www.enerlandgroup.com\/es\/desarrollo\/","name":"Desarrollo - Enerland Energ\u00eda Renovable","isPartOf":{"@id":"https:\/\/www.enerlandgroup.com\/es\/#website"},"datePublished":"2021-03-19T09:37:12+00:00","dateModified":"2025-06-06T12:43:57+00:00","description":"En Enerland, una de nuestras grandes fortalezas es el \u00e1rea de desarrollo de proyectos de grandes parques fotovoltaicos.","breadcrumb":{"@id":"https:\/\/www.enerlandgroup.com\/es\/desarrollo\/#breadcrumb"},"inLanguage":"es","potentialAction":[{"@type":"ReadAction","target":["https:\/\/www.enerlandgroup.com\/es\/desarrollo\/"]}]},{"@type":"BreadcrumbList","@id":"https:\/\/www.enerlandgroup.com\/es\/desarrollo\/#breadcrumb","itemListElement":[{"@type":"ListItem","position":1,"name":"Inicio","item":"https:\/\/www.enerlandgroup.com\/es\/"},{"@type":"ListItem","position":2,"name":"Desarrollo"}]},{"@type":"WebSite","@id":"https:\/\/www.enerlandgroup.com\/es\/#website","url":"https:\/\/www.enerlandgroup.com\/es\/","name":"Enerland Energ\u00eda Renovable","description":"","publisher":{"@id":"https:\/\/www.enerlandgroup.com\/es\/#organization"},"potentialAction":[{"@type":"SearchAction","target":{"@type":"EntryPoint","urlTemplate":"https:\/\/www.enerlandgroup.com\/es\/?s={search_term_string}"},"query-input":{"@type":"PropertyValueSpecification","valueRequired":true,"valueName":"search_term_string"}}],"inLanguage":"es"},{"@type":"Organization","@id":"https:\/\/www.enerlandgroup.com\/es\/#organization","name":"Enerland Group","url":"https:\/\/www.enerlandgroup.com\/es\/","logo":{"@type":"ImageObject","inLanguage":"es","@id":"https:\/\/www.enerlandgroup.com\/es\/#\/schema\/logo\/image\/","url":"https:\/\/www.enerlandgroup.com\/wp-content\/uploads\/2021\/05\/Logo_Enerland.png","contentUrl":"https:\/\/www.enerlandgroup.com\/wp-content\/uploads\/2021\/05\/Logo_Enerland.png","width":184,"height":43,"caption":"Enerland Group"},"image":{"@id":"https:\/\/www.enerlandgroup.com\/es\/#\/schema\/logo\/image\/"},"sameAs":["https:\/\/www.linkedin.com\/company\/enerland-group\/","https:\/\/www.youtube.com\/channel\/UCjdInbThgaPa2_D34vRChmA"]}]}},"_links":{"self":[{"href":"https:\/\/www.enerlandgroup.com\/es\/wp-json\/wp\/v2\/pages\/251","targetHints":{"allow":["GET"]}}],"collection":[{"href":"https:\/\/www.enerlandgroup.com\/es\/wp-json\/wp\/v2\/pages"}],"about":[{"href":"https:\/\/www.enerlandgroup.com\/es\/wp-json\/wp\/v2\/types\/page"}],"author":[{"embeddable":true,"href":"https:\/\/www.enerlandgroup.com\/es\/wp-json\/wp\/v2\/users\/3"}],"replies":[{"embeddable":true,"href":"https:\/\/www.enerlandgroup.com\/es\/wp-json\/wp\/v2\/comments?post=251"}],"version-history":[{"count":131,"href":"https:\/\/www.enerlandgroup.com\/es\/wp-json\/wp\/v2\/pages\/251\/revisions"}],"predecessor-version":[{"id":24499,"href":"https:\/\/www.enerlandgroup.com\/es\/wp-json\/wp\/v2\/pages\/251\/revisions\/24499"}],"wp:attachment":[{"href":"https:\/\/www.enerlandgroup.com\/es\/wp-json\/wp\/v2\/media?parent=251"}],"curies":[{"name":"wp","href":"https:\/\/api.w.org\/{rel}","templated":true}]}}